{"id":11022,"date":"2022-07-14T12:43:38","date_gmt":"2022-07-14T10:43:38","guid":{"rendered":"https:\/\/manumag.com\/?page_id=11022"},"modified":"2023-02-14T08:28:38","modified_gmt":"2023-02-14T07:28:38","slug":"estimate-request","status":"publish","type":"page","link":"https:\/\/manumag.com\/en\/estimate-request\/","title":{"rendered":"Estimate request"},"content":{"rendered":"\n<div class=\"woocommerce ywraq-wrapper ywraq-empty\">\n\t\t\t<div\n\t\t\tid=\"yith-ywraq-message\">You must be logged in to access this page<\/div>\n\t\t\n\r\n\r\n<style>\r\nh1.entry-title {\r\n    display: none;\r\n}\r\n<\/style>","protected":false},"excerpt":{"rendered":"","protected":false},"author":9,"featured_media":0,"parent":0,"menu_order":0,"comment_status":"closed","ping_status":"closed","template":"","meta":{"_acf_changed":false,"site-sidebar-layout":"default","site-content-layout":"default","ast-site-content-layout":"default","site-content-style":"default","site-sidebar-style":"default","ast-global-header-display":"","ast-banner-title-visibility":"","ast-main-header-display":"","ast-hfb-above-header-display":"","ast-hfb-below-header-display":"","ast-hfb-mobile-header-display":"","site-post-title":"","ast-breadcrumbs-content":"","ast-featured-img":"","footer-sml-layout":"","ast-disable-related-posts":"","theme-transparent-header-meta":"default","adv-header-id-meta":"","stick-header-meta":"","header-above-stick-meta":"","header-main-stick-meta":"","header-below-stick-meta":"","astra-migrate-meta-layouts":"default","ast-page-background-enabled":"default","ast-page-background-meta":{"desktop":{"background-color":"var(--ast-global-color-4)","background-image":"","background-repeat":"repeat","background-position":"center center","background-size":"auto","background-attachment":"scroll","background-type":"","background-media":"","overlay-type":"","overlay-color":"","overlay-opacity":"","overlay-gradient":""},"tablet":{"background-color":"","background-image":"","background-repeat":"repeat","background-position":"center center","background-size":"auto","background-attachment":"scroll","background-type":"","background-media":"","overlay-type":"","overlay-color":"","overlay-opacity":"","overlay-gradient":""},"mobile":{"background-color":"","background-image":"","background-repeat":"repeat","background-position":"center center","background-size":"auto","background-attachment":"scroll","background-type":"","background-media":"","overlay-type":"","overlay-color":"","overlay-opacity":"","overlay-gradient":""}},"ast-content-background-meta":{"desktop":{"background-color":"var(--ast-global-color-5)","background-image":"","background-repeat":"repeat","background-position":"center center","background-size":"auto","background-attachment":"scroll","background-type":"","background-media":"","overlay-type":"","overlay-color":"","overlay-opacity":"","overlay-gradient":""},"tablet":{"background-color":"var(--ast-global-color-5)","background-image":"","background-repeat":"repeat","background-position":"center center","background-size":"auto","background-attachment":"scroll","background-type":"","background-media":"","overlay-type":"","overlay-color":"","overlay-opacity":"","overlay-gradient":""},"mobile":{"background-color":"var(--ast-global-color-5)","background-image":"","background-repeat":"repeat","background-position":"center center","background-size":"auto","background-attachment":"scroll","background-type":"","background-media":"","overlay-type":"","overlay-color":"","overlay-opacity":"","overlay-gradient":""}},"footnotes":""},"class_list":["post-11022","page","type-page","status-publish","hentry"],"acf":[],"yoast_head":"<!-- This site is optimized with the Yoast SEO plugin v27.4 - https:\/\/yoast.com\/product\/yoast-seo-wordpress\/ -->\n<title>Estimate request - Manumag<\/title>\n<meta name=\"robots\" content=\"index, follow, max-snippet:-1, max-image-preview:large, max-video-preview:-1\" \/>\n<link rel=\"canonical\" href=\"https:\/\/manumag.com\/en\/estimate-request\/\" \/>\n<meta property=\"og:locale\" content=\"en_US\" \/>\n<meta property=\"og:type\" content=\"article\" \/>\n<meta property=\"og:title\" content=\"Estimate request - Manumag\" \/>\n<meta property=\"og:url\" content=\"https:\/\/manumag.com\/en\/estimate-request\/\" \/>\n<meta property=\"og:site_name\" content=\"Manumag\" \/>\n<meta property=\"article:modified_time\" content=\"2023-02-14T07:28:38+00:00\" \/>\n<meta name=\"twitter:card\" content=\"summary_large_image\" \/>\n<meta name=\"twitter:label1\" content=\"Est. reading time\" \/>\n\t<meta name=\"twitter:data1\" content=\"1 minute\" \/>\n<script type=\"application\/ld+json\" class=\"yoast-schema-graph\">{\"@context\":\"https:\\\/\\\/schema.org\",\"@graph\":[{\"@type\":\"WebPage\",\"@id\":\"https:\\\/\\\/manumag.com\\\/en\\\/estimate-request\\\/\",\"url\":\"https:\\\/\\\/manumag.com\\\/en\\\/estimate-request\\\/\",\"name\":\"Estimate request - Manumag\",\"isPartOf\":{\"@id\":\"https:\\\/\\\/manumag.com\\\/#website\"},\"datePublished\":\"2022-07-14T10:43:38+00:00\",\"dateModified\":\"2023-02-14T07:28:38+00:00\",\"breadcrumb\":{\"@id\":\"https:\\\/\\\/manumag.com\\\/en\\\/estimate-request\\\/#breadcrumb\"},\"inLanguage\":\"en-US\",\"potentialAction\":[{\"@type\":\"ReadAction\",\"target\":[\"https:\\\/\\\/manumag.com\\\/en\\\/estimate-request\\\/\"]}]},{\"@type\":\"BreadcrumbList\",\"@id\":\"https:\\\/\\\/manumag.com\\\/en\\\/estimate-request\\\/#breadcrumb\",\"itemListElement\":[{\"@type\":\"ListItem\",\"position\":1,\"name\":\"Inicio\",\"item\":\"https:\\\/\\\/manumag.com\\\/en\\\/\"},{\"@type\":\"ListItem\",\"position\":2,\"name\":\"Estimate request\"}]},{\"@type\":\"WebSite\",\"@id\":\"https:\\\/\\\/manumag.com\\\/#website\",\"url\":\"https:\\\/\\\/manumag.com\\\/\",\"name\":\"Manumag\",\"description\":\"Fabricante de transformadores monof\u00e1sicos y trif\u00e1sicos de bajo voltaje para aislamiento, seguridad, m\u00e1quinas e instalaciones hospitalarias.\",\"publisher\":{\"@id\":\"https:\\\/\\\/manumag.com\\\/#organization\"},\"potentialAction\":[{\"@type\":\"SearchAction\",\"target\":{\"@type\":\"EntryPoint\",\"urlTemplate\":\"https:\\\/\\\/manumag.com\\\/?s={search_term_string}\"},\"query-input\":{\"@type\":\"PropertyValueSpecification\",\"valueRequired\":true,\"valueName\":\"search_term_string\"}}],\"inLanguage\":\"en-US\"},{\"@type\":\"Organization\",\"@id\":\"https:\\\/\\\/manumag.com\\\/#organization\",\"name\":\"Manumag\",\"url\":\"https:\\\/\\\/manumag.com\\\/\",\"logo\":{\"@type\":\"ImageObject\",\"inLanguage\":\"en-US\",\"@id\":\"https:\\\/\\\/manumag.com\\\/#\\\/schema\\\/logo\\\/image\\\/\",\"url\":\"https:\\\/\\\/manumag.com\\\/wp-content\\\/uploads\\\/2015\\\/06\\\/logo_web.png\",\"contentUrl\":\"https:\\\/\\\/manumag.com\\\/wp-content\\\/uploads\\\/2015\\\/06\\\/logo_web.png\",\"width\":176,\"height\":110,\"caption\":\"Manumag\"},\"image\":{\"@id\":\"https:\\\/\\\/manumag.com\\\/#\\\/schema\\\/logo\\\/image\\\/\"}}]}<\/script>\n<!-- \/ Yoast SEO plugin. -->","yoast_head_json":{"title":"Estimate request - Manumag","robots":{"index":"index","follow":"follow","max-snippet":"max-snippet:-1","max-image-preview":"max-image-preview:large","max-video-preview":"max-video-preview:-1"},"canonical":"https:\/\/manumag.com\/en\/estimate-request\/","og_locale":"en_US","og_type":"article","og_title":"Estimate request - Manumag","og_url":"https:\/\/manumag.com\/en\/estimate-request\/","og_site_name":"Manumag","article_modified_time":"2023-02-14T07:28:38+00:00","twitter_card":"summary_large_image","twitter_misc":{"Est. reading time":"1 minute"},"schema":{"@context":"https:\/\/schema.org","@graph":[{"@type":"WebPage","@id":"https:\/\/manumag.com\/en\/estimate-request\/","url":"https:\/\/manumag.com\/en\/estimate-request\/","name":"Estimate request - Manumag","isPartOf":{"@id":"https:\/\/manumag.com\/#website"},"datePublished":"2022-07-14T10:43:38+00:00","dateModified":"2023-02-14T07:28:38+00:00","breadcrumb":{"@id":"https:\/\/manumag.com\/en\/estimate-request\/#breadcrumb"},"inLanguage":"en-US","potentialAction":[{"@type":"ReadAction","target":["https:\/\/manumag.com\/en\/estimate-request\/"]}]},{"@type":"BreadcrumbList","@id":"https:\/\/manumag.com\/en\/estimate-request\/#breadcrumb","itemListElement":[{"@type":"ListItem","position":1,"name":"Inicio","item":"https:\/\/manumag.com\/en\/"},{"@type":"ListItem","position":2,"name":"Estimate request"}]},{"@type":"WebSite","@id":"https:\/\/manumag.com\/#website","url":"https:\/\/manumag.com\/","name":"Manumag","description":"Fabricante de transformadores monof\u00e1sicos y trif\u00e1sicos de bajo voltaje para aislamiento, seguridad, m\u00e1quinas e instalaciones hospitalarias.","publisher":{"@id":"https:\/\/manumag.com\/#organization"},"potentialAction":[{"@type":"SearchAction","target":{"@type":"EntryPoint","urlTemplate":"https:\/\/manumag.com\/?s={search_term_string}"},"query-input":{"@type":"PropertyValueSpecification","valueRequired":true,"valueName":"search_term_string"}}],"inLanguage":"en-US"},{"@type":"Organization","@id":"https:\/\/manumag.com\/#organization","name":"Manumag","url":"https:\/\/manumag.com\/","logo":{"@type":"ImageObject","inLanguage":"en-US","@id":"https:\/\/manumag.com\/#\/schema\/logo\/image\/","url":"https:\/\/manumag.com\/wp-content\/uploads\/2015\/06\/logo_web.png","contentUrl":"https:\/\/manumag.com\/wp-content\/uploads\/2015\/06\/logo_web.png","width":176,"height":110,"caption":"Manumag"},"image":{"@id":"https:\/\/manumag.com\/#\/schema\/logo\/image\/"}}]}},"_links":{"self":[{"href":"https:\/\/manumag.com\/en\/wp-json\/wp\/v2\/pages\/11022","targetHints":{"allow":["GET"]}}],"collection":[{"href":"https:\/\/manumag.com\/en\/wp-json\/wp\/v2\/pages"}],"about":[{"href":"https:\/\/manumag.com\/en\/wp-json\/wp\/v2\/types\/page"}],"author":[{"embeddable":true,"href":"https:\/\/manumag.com\/en\/wp-json\/wp\/v2\/users\/9"}],"replies":[{"embeddable":true,"href":"https:\/\/manumag.com\/en\/wp-json\/wp\/v2\/comments?post=11022"}],"version-history":[{"count":1,"href":"https:\/\/manumag.com\/en\/wp-json\/wp\/v2\/pages\/11022\/revisions"}],"predecessor-version":[{"id":11023,"href":"https:\/\/manumag.com\/en\/wp-json\/wp\/v2\/pages\/11022\/revisions\/11023"}],"wp:attachment":[{"href":"https:\/\/manumag.com\/en\/wp-json\/wp\/v2\/media?parent=11022"}],"curies":[{"name":"wp","href":"https:\/\/api.w.org\/{rel}","templated":true}]}}