{"id":9422,"date":"2012-07-20T23:10:41","date_gmt":"2012-07-20T21:10:41","guid":{"rendered":"https:\/\/manumag.com\/?page_id=9422"},"modified":"2023-02-01T11:46:45","modified_gmt":"2023-02-01T10:46:45","slug":"news","status":"publish","type":"page","link":"https:\/\/manumag.com\/en\/news\/","title":{"rendered":"News"},"content":{"rendered":"\t\t<div data-elementor-type=\"wp-page\" data-elementor-id=\"9422\" class=\"elementor elementor-9422 elementor-1558\" data-elementor-post-type=\"page\">\n\t\t\t\t\t\t<section data-dce-background-overlay-image-url=\"https:\/\/manumag.com\/wp-content\/uploads\/2022\/07\/noticias.jpg\" class=\"elementor-section elementor-top-section elementor-element elementor-element-1e489d7 elementor-section-height-min-height elementor-section-boxed elementor-section-height-default elementor-section-items-middle\" data-id=\"1e489d7\" data-element_type=\"section\" data-e-type=\"section\" data-settings=\"{&quot;background_background&quot;:&quot;classic&quot;,&quot;shape_divider_bottom&quot;:&quot;opacity-fan&quot;}\">\n\t\t\t\t\t\t\t<div class=\"elementor-background-overlay\"><\/div>\n\t\t\t\t\t\t<div class=\"elementor-shape elementor-shape-bottom\" aria-hidden=\"true\" data-negative=\"false\">\n\t\t\t<svg xmlns=\"http:\/\/www.w3.org\/2000\/svg\" viewBox=\"0 0 283.5 19.6\" preserveAspectRatio=\"none\">\n\t<path class=\"elementor-shape-fill\" style=\"opacity:0.33\" d=\"M0 0L0 18.8 141.8 4.1 283.5 18.8 283.5 0z\"\/>\n\t<path class=\"elementor-shape-fill\" style=\"opacity:0.33\" d=\"M0 0L0 12.6 141.8 4 283.5 12.6 283.5 0z\"\/>\n\t<path class=\"elementor-shape-fill\" style=\"opacity:0.33\" d=\"M0 0L0 6.4 141.8 4 283.5 6.4 283.5 0z\"\/>\n\t<path class=\"elementor-shape-fill\" d=\"M0 0L0 1.2 141.8 4 283.5 1.2 283.5 0z\"\/>\n<\/svg>\t\t<\/div>\n\t\t\t\t\t<div class=\"elementor-container elementor-column-gap-default\">\n\t\t\t\t\t<div class=\"elementor-column elementor-col-100 elementor-top-column elementor-element elementor-element-ccffee7\" data-id=\"ccffee7\" data-element_type=\"column\" data-e-type=\"column\">\n\t\t\t<div class=\"elementor-widget-wrap elementor-element-populated\">\n\t\t\t\t\t\t<div class=\"elementor-element elementor-element-47b2dd2 elementor-widget elementor-widget-heading\" data-id=\"47b2dd2\" data-element_type=\"widget\" data-e-type=\"widget\" data-widget_type=\"heading.default\">\n\t\t\t\t<div class=\"elementor-widget-container\">\n\t\t\t\t\t<h1 class=\"elementor-heading-title elementor-size-default\">News<\/h1>\t\t\t\t<\/div>\n\t\t\t\t<\/div>\n\t\t\t\t\t<\/div>\n\t\t<\/div>\n\t\t\t\t\t<\/div>\n\t\t<\/section>\n\t\t\t\t<section class=\"elementor-section elementor-top-section elementor-element elementor-element-2dc271b elementor-section-boxed elementor-section-height-default elementor-section-height-default\" data-id=\"2dc271b\" data-element_type=\"section\" data-e-type=\"section\">\n\t\t\t\t\t\t<div class=\"elementor-container elementor-column-gap-default\">\n\t\t\t\t\t<div class=\"elementor-column elementor-col-100 elementor-top-column elementor-element elementor-element-dfbef7b\" data-id=\"dfbef7b\" data-element_type=\"column\" data-e-type=\"column\">\n\t\t\t<div class=\"elementor-widget-wrap elementor-element-populated\">\n\t\t\t\t\t\t<div class=\"elementor-element elementor-element-9e324c1 elementor-widget elementor-widget-spacer\" data-id=\"9e324c1\" data-element_type=\"widget\" data-e-type=\"widget\" data-widget_type=\"spacer.default\">\n\t\t\t\t<div class=\"elementor-widget-container\">\n\t\t\t\t\t\t\t<div class=\"elementor-spacer\">\n\t\t\t<div class=\"elementor-spacer-inner\"><\/div>\n\t\t<\/div>\n\t\t\t\t\t\t<\/div>\n\t\t\t\t<\/div>\n\t\t\t\t<div class=\"elementor-element elementor-element-f4ed64a elementor-grid-1 elementor-grid-tablet-1 elementor-grid-mobile-1 elementor-posts--thumbnail-top elementor-widget elementor-widget-posts\" data-id=\"f4ed64a\" data-element_type=\"widget\" data-e-type=\"widget\" data-settings=\"{&quot;classic_columns&quot;:&quot;1&quot;,&quot;classic_columns_tablet&quot;:&quot;1&quot;,&quot;classic_columns_mobile&quot;:&quot;1&quot;,&quot;classic_row_gap&quot;:{&quot;unit&quot;:&quot;px&quot;,&quot;size&quot;:35,&quot;sizes&quot;:[]},&quot;classic_row_gap_tablet&quot;:{&quot;unit&quot;:&quot;px&quot;,&quot;size&quot;:&quot;&quot;,&quot;sizes&quot;:[]},&quot;classic_row_gap_mobile&quot;:{&quot;unit&quot;:&quot;px&quot;,&quot;size&quot;:&quot;&quot;,&quot;sizes&quot;:[]}}\" data-widget_type=\"posts.classic\">\n\t\t\t\t<div class=\"elementor-widget-container\">\n\t\t\t\t\t\t\t<div class=\"elementor-posts-container elementor-posts elementor-posts--skin-classic elementor-grid\" role=\"list\">\n\t\t\t\t<article class=\"elementor-post elementor-grid-item post-9526 post type-post status-publish format-standard hentry category-sin-categorizar\" role=\"listitem\">\n\t\t\t\t<div class=\"elementor-post__text\">\n\t\t\t\t<h2 class=\"elementor-post__title\">\n\t\t\t<a href=\"https:\/\/manumag.com\/en\/manumag-takes-part-in-a-trade-mission-to-kenya-and-tanzania-from-2-to-9-november-2022\/\" >\n\t\t\t\tMANUMAG takes part in a Trade Mission to KENYA and TANZANIA from 2 to 9 November 2022\t\t\t<\/a>\n\t\t<\/h2>\n\t\t\t\t<div class=\"elementor-post__meta-data\">\n\t\t\t\t\t<span class=\"elementor-post-date\">\n\t\t\t3rd November 2022\t\t<\/span>\n\t\t\t\t<\/div>\n\t\t\t\t<div class=\"elementor-post__excerpt\">\n\t\t\t<p>MANUMAG takes part in a Trade Mission to KENYA and TANZANIA from 2 to 9 November 2022 MANUMAG is to take part in a Trade Mission to KENYA and TANZANIA from 2 to 9 November 2022. We do this to look into the opportunities that Kenya and Tanzania can offer. Both countries have been recently experiencing strong economic growth. In Kenya, such growth took place mostly in the construction, tourism and manufacturing industries. In Tanzania, it was telecommunications, tourism and agriculture industries that grew the most. SKM_C250i22102511500 SKM_C250i22102511501<\/p>\n\t\t<\/div>\n\t\t\n\t\t<a class=\"elementor-post__read-more\" href=\"https:\/\/manumag.com\/en\/manumag-takes-part-in-a-trade-mission-to-kenya-and-tanzania-from-2-to-9-november-2022\/\" aria-label=\"Read more about MANUMAG takes part in a Trade Mission to KENYA and TANZANIA from 2 to 9 November 2022\" tabindex=\"-1\" >\n\t\t\tSeguir leyendo \u00bb\t\t<\/a>\n\n\t\t\t\t<\/div>\n\t\t\t\t<\/article>\n\t\t\t\t<article class=\"elementor-post elementor-grid-item post-9793 post type-post status-publish format-standard hentry category-sin-categorizar\" role=\"listitem\">\n\t\t\t\t<div class=\"elementor-post__text\">\n\t\t\t\t<h2 class=\"elementor-post__title\">\n\t\t\t<a href=\"https:\/\/manumag.com\/en\/manumag-about-us\/\" >\n\t\t\t\tMANUMAG: ABOUT US\t\t\t<\/a>\n\t\t<\/h2>\n\t\t\t\t<div class=\"elementor-post__meta-data\">\n\t\t\t\t\t<span class=\"elementor-post-date\">\n\t\t\t25th October 2022\t\t<\/span>\n\t\t\t\t<\/div>\n\t\t\t\t<div class=\"elementor-post__excerpt\">\n\t\t\t<p>MANUMAG: ABOUT US Founded in 1977, Manumag S.L. is based in Muel (Zaragoza). We manufacture and sell a wide range of low voltage transformers. We specialize in manufacturing single-phase and three-phase control transformers, isolation transformers (including the ones used in medical locations), safety transformers for swimming pool lighting, single- and three-phase autotransformers, power supply units and automatic voltage regulators. All these are made to fulfill our main commitment: to create high-quality products in accordance with European regulations so as to meet the needs and requirements of our customers. &nbsp; MARKETS Our company\u2019s background and history have opened numerous markets and<\/p>\n\t\t<\/div>\n\t\t\n\t\t<a class=\"elementor-post__read-more\" href=\"https:\/\/manumag.com\/en\/manumag-about-us\/\" aria-label=\"Read more about MANUMAG: ABOUT US\" tabindex=\"-1\" >\n\t\t\tSeguir leyendo \u00bb\t\t<\/a>\n\n\t\t\t\t<\/div>\n\t\t\t\t<\/article>\n\t\t\t\t<\/div>\n\t\t\n\t\t\t\t\t\t<\/div>\n\t\t\t\t<\/div>\n\t\t\t\t<div class=\"elementor-element elementor-element-4bb0316 elementor-widget elementor-widget-spacer\" data-id=\"4bb0316\" data-element_type=\"widget\" data-e-type=\"widget\" data-widget_type=\"spacer.default\">\n\t\t\t\t<div class=\"elementor-widget-container\">\n\t\t\t\t\t\t\t<div class=\"elementor-spacer\">\n\t\t\t<div class=\"elementor-spacer-inner\"><\/div>\n\t\t<\/div>\n\t\t\t\t\t\t<\/div>\n\t\t\t\t<\/div>\n\t\t\t\t\t<\/div>\n\t\t<\/div>\n\t\t\t\t\t<\/div>\n\t\t<\/section>\n\t\t\t\t<\/div>\n\t\t","protected":false},"excerpt":{"rendered":"<p>News<\/p>\n","protected":false},"author":5,"featured_media":0,"parent":0,"menu_order":0,"comment_status":"closed","ping_status":"closed","template":"","meta":{"_acf_changed":false,"site-sidebar-layout":"no-sidebar","site-content-layout":"page-builder","ast-site-content-layout":"default","site-content-style":"default","site-sidebar-style":"default","ast-global-header-display":"","ast-banner-title-visibility":"","ast-main-header-display":"","ast-hfb-above-header-display":"","ast-hfb-below-header-display":"","ast-hfb-mobile-header-display":"","site-post-title":"disabled","ast-breadcrumbs-content":"","ast-featured-img":"disabled","footer-sml-layout":"","ast-disable-related-posts":"","theme-transparent-header-meta":"default","adv-header-id-meta":"","stick-header-meta":"","header-above-stick-meta":"","header-main-stick-meta":"","header-below-stick-meta":"","astra-migrate-meta-layouts":"default","ast-page-background-enabled":"default","ast-page-background-meta":{"desktop":{"background-color":"var(--ast-global-color-4)","background-image":"","background-repeat":"repeat","background-position":"center center","background-size":"auto","background-attachment":"scroll","background-type":"","background-media":"","overlay-type":"","overlay-color":"","overlay-opacity":"","overlay-gradient":""},"tablet":{"background-color":"","background-image":"","background-repeat":"repeat","background-position":"center center","background-size":"auto","background-attachment":"scroll","background-type":"","background-media":"","overlay-type":"","overlay-color":"","overlay-opacity":"","overlay-gradient":""},"mobile":{"background-color":"","background-image":"","background-repeat":"repeat","background-position":"center center","background-size":"auto","background-attachment":"scroll","background-type":"","background-media":"","overlay-type":"","overlay-color":"","overlay-opacity":"","overlay-gradient":""}},"ast-content-background-meta":{"desktop":{"background-color":"var(--ast-global-color-5)","background-image":"","background-repeat":"repeat","background-position":"center center","background-size":"auto","background-attachment":"scroll","background-type":"","background-media":"","overlay-type":"","overlay-color":"","overlay-opacity":"","overlay-gradient":""},"tablet":{"background-color":"var(--ast-global-color-5)","background-image":"","background-repeat":"repeat","background-position":"center center","background-size":"auto","background-attachment":"scroll","background-type":"","background-media":"","overlay-type":"","overlay-color":"","overlay-opacity":"","overlay-gradient":""},"mobile":{"background-color":"var(--ast-global-color-5)","background-image":"","background-repeat":"repeat","background-position":"center center","background-size":"auto","background-attachment":"scroll","background-type":"","background-media":"","overlay-type":"","overlay-color":"","overlay-opacity":"","overlay-gradient":""}},"footnotes":""},"class_list":["post-9422","page","type-page","status-publish","hentry"],"acf":[],"yoast_head":"<!-- This site is optimized with the Yoast SEO plugin v27.1.1 - https:\/\/yoast.com\/product\/yoast-seo-wordpress\/ -->\n<title>News - Manumag<\/title>\n<meta name=\"robots\" content=\"index, follow, max-snippet:-1, max-image-preview:large, max-video-preview:-1\" \/>\n<link rel=\"canonical\" href=\"https:\/\/manumag.com\/en\/news\/\" \/>\n<meta property=\"og:locale\" content=\"en_US\" \/>\n<meta property=\"og:type\" content=\"article\" \/>\n<meta property=\"og:title\" content=\"News - Manumag\" \/>\n<meta property=\"og:description\" content=\"News\" \/>\n<meta property=\"og:url\" content=\"https:\/\/manumag.com\/en\/news\/\" \/>\n<meta property=\"og:site_name\" content=\"Manumag\" \/>\n<meta property=\"article:modified_time\" content=\"2023-02-01T10:46:45+00:00\" \/>\n<meta name=\"twitter:card\" content=\"summary_large_image\" \/>\n<meta name=\"twitter:label1\" content=\"Est. reading time\" \/>\n\t<meta name=\"twitter:data1\" content=\"1 minute\" \/>\n<script type=\"application\/ld+json\" class=\"yoast-schema-graph\">{\"@context\":\"https:\/\/schema.org\",\"@graph\":[{\"@type\":\"WebPage\",\"@id\":\"https:\/\/manumag.com\/en\/news\/\",\"url\":\"https:\/\/manumag.com\/en\/news\/\",\"name\":\"News - Manumag\",\"isPartOf\":{\"@id\":\"https:\/\/manumag.com\/#website\"},\"datePublished\":\"2012-07-20T21:10:41+00:00\",\"dateModified\":\"2023-02-01T10:46:45+00:00\",\"breadcrumb\":{\"@id\":\"https:\/\/manumag.com\/en\/news\/#breadcrumb\"},\"inLanguage\":\"en-US\",\"potentialAction\":[{\"@type\":\"ReadAction\",\"target\":[\"https:\/\/manumag.com\/en\/news\/\"]}]},{\"@type\":\"BreadcrumbList\",\"@id\":\"https:\/\/manumag.com\/en\/news\/#breadcrumb\",\"itemListElement\":[{\"@type\":\"ListItem\",\"position\":1,\"name\":\"Inicio\",\"item\":\"https:\/\/manumag.com\/en\/\"},{\"@type\":\"ListItem\",\"position\":2,\"name\":\"News\"}]},{\"@type\":\"WebSite\",\"@id\":\"https:\/\/manumag.com\/#website\",\"url\":\"https:\/\/manumag.com\/\",\"name\":\"Manumag\",\"description\":\"Fabricante de transformadores monof\u00e1sicos y trif\u00e1sicos de bajo voltaje para aislamiento, seguridad, m\u00e1quinas e instalaciones hospitalarias.\",\"publisher\":{\"@id\":\"https:\/\/manumag.com\/#organization\"},\"potentialAction\":[{\"@type\":\"SearchAction\",\"target\":{\"@type\":\"EntryPoint\",\"urlTemplate\":\"https:\/\/manumag.com\/?s={search_term_string}\"},\"query-input\":{\"@type\":\"PropertyValueSpecification\",\"valueRequired\":true,\"valueName\":\"search_term_string\"}}],\"inLanguage\":\"en-US\"},{\"@type\":\"Organization\",\"@id\":\"https:\/\/manumag.com\/#organization\",\"name\":\"Manumag\",\"url\":\"https:\/\/manumag.com\/\",\"logo\":{\"@type\":\"ImageObject\",\"inLanguage\":\"en-US\",\"@id\":\"https:\/\/manumag.com\/#\/schema\/logo\/image\/\",\"url\":\"https:\/\/manumag.com\/wp-content\/uploads\/2015\/06\/logo_web.png\",\"contentUrl\":\"https:\/\/manumag.com\/wp-content\/uploads\/2015\/06\/logo_web.png\",\"width\":176,\"height\":110,\"caption\":\"Manumag\"},\"image\":{\"@id\":\"https:\/\/manumag.com\/#\/schema\/logo\/image\/\"}}]}<\/script>\n<!-- \/ Yoast SEO plugin. -->","yoast_head_json":{"title":"News - Manumag","robots":{"index":"index","follow":"follow","max-snippet":"max-snippet:-1","max-image-preview":"max-image-preview:large","max-video-preview":"max-video-preview:-1"},"canonical":"https:\/\/manumag.com\/en\/news\/","og_locale":"en_US","og_type":"article","og_title":"News - Manumag","og_description":"News","og_url":"https:\/\/manumag.com\/en\/news\/","og_site_name":"Manumag","article_modified_time":"2023-02-01T10:46:45+00:00","twitter_card":"summary_large_image","twitter_misc":{"Est. reading time":"1 minute"},"schema":{"@context":"https:\/\/schema.org","@graph":[{"@type":"WebPage","@id":"https:\/\/manumag.com\/en\/news\/","url":"https:\/\/manumag.com\/en\/news\/","name":"News - Manumag","isPartOf":{"@id":"https:\/\/manumag.com\/#website"},"datePublished":"2012-07-20T21:10:41+00:00","dateModified":"2023-02-01T10:46:45+00:00","breadcrumb":{"@id":"https:\/\/manumag.com\/en\/news\/#breadcrumb"},"inLanguage":"en-US","potentialAction":[{"@type":"ReadAction","target":["https:\/\/manumag.com\/en\/news\/"]}]},{"@type":"BreadcrumbList","@id":"https:\/\/manumag.com\/en\/news\/#breadcrumb","itemListElement":[{"@type":"ListItem","position":1,"name":"Inicio","item":"https:\/\/manumag.com\/en\/"},{"@type":"ListItem","position":2,"name":"News"}]},{"@type":"WebSite","@id":"https:\/\/manumag.com\/#website","url":"https:\/\/manumag.com\/","name":"Manumag","description":"Fabricante de transformadores monof\u00e1sicos y trif\u00e1sicos de bajo voltaje para aislamiento, seguridad, m\u00e1quinas e instalaciones hospitalarias.","publisher":{"@id":"https:\/\/manumag.com\/#organization"},"potentialAction":[{"@type":"SearchAction","target":{"@type":"EntryPoint","urlTemplate":"https:\/\/manumag.com\/?s={search_term_string}"},"query-input":{"@type":"PropertyValueSpecification","valueRequired":true,"valueName":"search_term_string"}}],"inLanguage":"en-US"},{"@type":"Organization","@id":"https:\/\/manumag.com\/#organization","name":"Manumag","url":"https:\/\/manumag.com\/","logo":{"@type":"ImageObject","inLanguage":"en-US","@id":"https:\/\/manumag.com\/#\/schema\/logo\/image\/","url":"https:\/\/manumag.com\/wp-content\/uploads\/2015\/06\/logo_web.png","contentUrl":"https:\/\/manumag.com\/wp-content\/uploads\/2015\/06\/logo_web.png","width":176,"height":110,"caption":"Manumag"},"image":{"@id":"https:\/\/manumag.com\/#\/schema\/logo\/image\/"}}]}},"_links":{"self":[{"href":"https:\/\/manumag.com\/en\/wp-json\/wp\/v2\/pages\/9422","targetHints":{"allow":["GET"]}}],"collection":[{"href":"https:\/\/manumag.com\/en\/wp-json\/wp\/v2\/pages"}],"about":[{"href":"https:\/\/manumag.com\/en\/wp-json\/wp\/v2\/types\/page"}],"author":[{"embeddable":true,"href":"https:\/\/manumag.com\/en\/wp-json\/wp\/v2\/users\/5"}],"replies":[{"embeddable":true,"href":"https:\/\/manumag.com\/en\/wp-json\/wp\/v2\/comments?post=9422"}],"version-history":[{"count":4,"href":"https:\/\/manumag.com\/en\/wp-json\/wp\/v2\/pages\/9422\/revisions"}],"predecessor-version":[{"id":9426,"href":"https:\/\/manumag.com\/en\/wp-json\/wp\/v2\/pages\/9422\/revisions\/9426"}],"wp:attachment":[{"href":"https:\/\/manumag.com\/en\/wp-json\/wp\/v2\/media?parent=9422"}],"curies":[{"name":"wp","href":"https:\/\/api.w.org\/{rel}","templated":true}]}}