{"id":9442,"date":"2017-07-06T19:22:11","date_gmt":"2017-07-06T17:22:11","guid":{"rendered":"https:\/\/manumag.com\/?page_id=9442"},"modified":"2024-11-18T13:36:01","modified_gmt":"2024-11-18T12:36:01","slug":"legal-notice","status":"publish","type":"page","link":"https:\/\/manumag.com\/en\/legal-notice\/","title":{"rendered":"Legal Notice"},"content":{"rendered":"<p>In order to comply with Article 10 of the Spanish Law 34\/2002 on Information Society Services and Electronic Commerce, we inform the user of our data:<\/p>\n<table width=\"590\">\n<tbody>\n<tr>\n<td colspan=\"2\" width=\"590\"><strong>WEB SITE OWNER<\/strong><\/td>\n<\/tr>\n<tr>\n<td colspan=\"2\" width=\"590\"><strong>CORPORATE NAME: <\/strong><strong>Manumag S.L.<\/strong><\/td>\n<\/tr>\n<tr>\n<td colspan=\"2\" width=\"590\"><strong>TAX ID: <\/strong><strong>ESB50040146<\/strong><\/td>\n<\/tr>\n<tr>\n<td colspan=\"2\" width=\"590\"><strong>ADDRESS: Pol. Ind. las Norias Barriendos, 50450, Muel, Zaragoza<\/strong><\/td>\n<\/tr>\n<tr>\n<td rowspan=\"2\" width=\"295\"><strong>CONTACT:<\/strong><\/td>\n<td width=\"295\">Telephone:<a href=\"tel:976140606\"><strong> 976140606<\/strong><\/a><\/p>\n<p>&nbsp;<\/td>\n<\/tr>\n<tr>\n<td width=\"295\">Email: <a href=\"mailto:info@manumag.com\"><strong>info@manumag.com<\/strong><\/a><\/td>\n<\/tr>\n<tr>\n<td width=\"295\"><strong>REGISTRATION DATA (0, WHEN PROCEDURED, COLLEGIATION)<\/strong><\/td>\n<td width=\"295\"><strong><u>Registro Mercantil<\/u><\/strong><\/p>\n<p>Tomo: 245<\/p>\n<p>Libro: General 38<\/p>\n<p>Folio: 191<\/p>\n<p>Secci\u00f3n: 2\u00aa<\/p>\n<p>Hoja: 3126 \u2013 Inscripci\u00f3n 1\u00aa<\/p>\n<p><strong><u>Datos registro nacional:<\/u><\/strong><strong>\u00a0<\/strong><\/p>\n<p><strong><u>Datos colegiaci\u00f3n:<\/u><\/strong><\/td>\n<\/tr>\n<\/tbody>\n<\/table>\n","protected":false},"excerpt":{"rendered":"<p>In order to comply with Article 10 of the Spanish Law 34\/2002 on Information Society Services and Electronic Commerce, we inform the user of our data: WEB SITE OWNER CORPORATE NAME: Manumag S.L. TAX ID: ESB50040146 ADDRESS: Pol. Ind. las Norias Barriendos, 50450, Muel, Zaragoza CONTACT: Telephone: 976140606 &nbsp; Email: info@manumag.com REGISTRATION DATA (0, WHEN [&hellip;]<\/p>\n","protected":false},"author":5,"featured_media":0,"parent":0,"menu_order":0,"comment_status":"closed","ping_status":"closed","template":"","meta":{"_acf_changed":false,"site-sidebar-layout":"default","site-content-layout":"plain-container","ast-site-content-layout":"normal-width-container","site-content-style":"unboxed","site-sidebar-style":"unboxed","ast-global-header-display":"","ast-banner-title-visibility":"","ast-main-header-display":"","ast-hfb-above-header-display":"","ast-hfb-below-header-display":"","ast-hfb-mobile-header-display":"","site-post-title":"","ast-breadcrumbs-content":"","ast-featured-img":"","footer-sml-layout":"","ast-disable-related-posts":"","theme-transparent-header-meta":"default","adv-header-id-meta":"","stick-header-meta":"","header-above-stick-meta":"","header-main-stick-meta":"","header-below-stick-meta":"","astra-migrate-meta-layouts":"set","ast-page-background-enabled":"default","ast-page-background-meta":{"desktop":{"background-color":"var(--ast-global-color-4)","background-image":"","background-repeat":"repeat","background-position":"center center","background-size":"auto","background-attachment":"scroll","background-type":"","background-media":"","overlay-type":"","overlay-color":"","overlay-opacity":"","overlay-gradient":""},"tablet":{"background-color":"","background-image":"","background-repeat":"repeat","background-position":"center center","background-size":"auto","background-attachment":"scroll","background-type":"","background-media":"","overlay-type":"","overlay-color":"","overlay-opacity":"","overlay-gradient":""},"mobile":{"background-color":"","background-image":"","background-repeat":"repeat","background-position":"center center","background-size":"auto","background-attachment":"scroll","background-type":"","background-media":"","overlay-type":"","overlay-color":"","overlay-opacity":"","overlay-gradient":""}},"ast-content-background-meta":{"desktop":{"background-color":"var(--ast-global-color-5)","background-image":"","background-repeat":"repeat","background-position":"center center","background-size":"auto","background-attachment":"scroll","background-type":"","background-media":"","overlay-type":"","overlay-color":"","overlay-opacity":"","overlay-gradient":""},"tablet":{"background-color":"var(--ast-global-color-5)","background-image":"","background-repeat":"repeat","background-position":"center center","background-size":"auto","background-attachment":"scroll","background-type":"","background-media":"","overlay-type":"","overlay-color":"","overlay-opacity":"","overlay-gradient":""},"mobile":{"background-color":"var(--ast-global-color-5)","background-image":"","background-repeat":"repeat","background-position":"center center","background-size":"auto","background-attachment":"scroll","background-type":"","background-media":"","overlay-type":"","overlay-color":"","overlay-opacity":"","overlay-gradient":""}},"footnotes":""},"class_list":["post-9442","page","type-page","status-publish","hentry"],"acf":[],"yoast_head":"<!-- This site is optimized with the Yoast SEO plugin v27.1.1 - https:\/\/yoast.com\/product\/yoast-seo-wordpress\/ -->\n<title>Legal Notice - Manumag<\/title>\n<meta name=\"robots\" content=\"noindex, nofollow\" \/>\n<meta property=\"og:locale\" content=\"en_US\" \/>\n<meta property=\"og:type\" content=\"article\" \/>\n<meta property=\"og:title\" content=\"Legal Notice - Manumag\" \/>\n<meta property=\"og:description\" content=\"In order to comply with Article 10 of the Spanish Law 34\/2002 on Information Society Services and Electronic Commerce, we inform the user of our data: WEB SITE OWNER CORPORATE NAME: Manumag S.L. TAX ID: ESB50040146 ADDRESS: Pol. Ind. las Norias Barriendos, 50450, Muel, Zaragoza CONTACT: Telephone: 976140606 &nbsp; Email: info@manumag.com REGISTRATION DATA (0, WHEN [&hellip;]\" \/>\n<meta property=\"og:url\" content=\"https:\/\/manumag.com\/en\/legal-notice\/\" \/>\n<meta property=\"og:site_name\" content=\"Manumag\" \/>\n<meta property=\"article:modified_time\" content=\"2024-11-18T12:36:01+00:00\" \/>\n<meta name=\"twitter:card\" content=\"summary_large_image\" \/>\n<meta name=\"twitter:label1\" content=\"Est. reading time\" \/>\n\t<meta name=\"twitter:data1\" content=\"1 minute\" \/>\n<script type=\"application\/ld+json\" class=\"yoast-schema-graph\">{\"@context\":\"https:\/\/schema.org\",\"@graph\":[{\"@type\":\"WebPage\",\"@id\":\"https:\/\/manumag.com\/en\/legal-notice\/\",\"url\":\"https:\/\/manumag.com\/en\/legal-notice\/\",\"name\":\"Legal Notice - Manumag\",\"isPartOf\":{\"@id\":\"https:\/\/manumag.com\/#website\"},\"datePublished\":\"2017-07-06T17:22:11+00:00\",\"dateModified\":\"2024-11-18T12:36:01+00:00\",\"breadcrumb\":{\"@id\":\"https:\/\/manumag.com\/en\/legal-notice\/#breadcrumb\"},\"inLanguage\":\"en-US\",\"potentialAction\":[{\"@type\":\"ReadAction\",\"target\":[\"https:\/\/manumag.com\/en\/legal-notice\/\"]}]},{\"@type\":\"BreadcrumbList\",\"@id\":\"https:\/\/manumag.com\/en\/legal-notice\/#breadcrumb\",\"itemListElement\":[{\"@type\":\"ListItem\",\"position\":1,\"name\":\"Inicio\",\"item\":\"https:\/\/manumag.com\/en\/\"},{\"@type\":\"ListItem\",\"position\":2,\"name\":\"Legal Notice\"}]},{\"@type\":\"WebSite\",\"@id\":\"https:\/\/manumag.com\/#website\",\"url\":\"https:\/\/manumag.com\/\",\"name\":\"Manumag\",\"description\":\"Fabricante de transformadores monof\u00e1sicos y trif\u00e1sicos de bajo voltaje para aislamiento, seguridad, m\u00e1quinas e instalaciones hospitalarias.\",\"publisher\":{\"@id\":\"https:\/\/manumag.com\/#organization\"},\"potentialAction\":[{\"@type\":\"SearchAction\",\"target\":{\"@type\":\"EntryPoint\",\"urlTemplate\":\"https:\/\/manumag.com\/?s={search_term_string}\"},\"query-input\":{\"@type\":\"PropertyValueSpecification\",\"valueRequired\":true,\"valueName\":\"search_term_string\"}}],\"inLanguage\":\"en-US\"},{\"@type\":\"Organization\",\"@id\":\"https:\/\/manumag.com\/#organization\",\"name\":\"Manumag\",\"url\":\"https:\/\/manumag.com\/\",\"logo\":{\"@type\":\"ImageObject\",\"inLanguage\":\"en-US\",\"@id\":\"https:\/\/manumag.com\/#\/schema\/logo\/image\/\",\"url\":\"https:\/\/manumag.com\/wp-content\/uploads\/2015\/06\/logo_web.png\",\"contentUrl\":\"https:\/\/manumag.com\/wp-content\/uploads\/2015\/06\/logo_web.png\",\"width\":176,\"height\":110,\"caption\":\"Manumag\"},\"image\":{\"@id\":\"https:\/\/manumag.com\/#\/schema\/logo\/image\/\"}}]}<\/script>\n<!-- \/ Yoast SEO plugin. -->","yoast_head_json":{"title":"Legal Notice - Manumag","robots":{"index":"noindex","follow":"nofollow"},"og_locale":"en_US","og_type":"article","og_title":"Legal Notice - Manumag","og_description":"In order to comply with Article 10 of the Spanish Law 34\/2002 on Information Society Services and Electronic Commerce, we inform the user of our data: WEB SITE OWNER CORPORATE NAME: Manumag S.L. TAX ID: ESB50040146 ADDRESS: Pol. Ind. las Norias Barriendos, 50450, Muel, Zaragoza CONTACT: Telephone: 976140606 &nbsp; Email: info@manumag.com REGISTRATION DATA (0, WHEN [&hellip;]","og_url":"https:\/\/manumag.com\/en\/legal-notice\/","og_site_name":"Manumag","article_modified_time":"2024-11-18T12:36:01+00:00","twitter_card":"summary_large_image","twitter_misc":{"Est. reading time":"1 minute"},"schema":{"@context":"https:\/\/schema.org","@graph":[{"@type":"WebPage","@id":"https:\/\/manumag.com\/en\/legal-notice\/","url":"https:\/\/manumag.com\/en\/legal-notice\/","name":"Legal Notice - Manumag","isPartOf":{"@id":"https:\/\/manumag.com\/#website"},"datePublished":"2017-07-06T17:22:11+00:00","dateModified":"2024-11-18T12:36:01+00:00","breadcrumb":{"@id":"https:\/\/manumag.com\/en\/legal-notice\/#breadcrumb"},"inLanguage":"en-US","potentialAction":[{"@type":"ReadAction","target":["https:\/\/manumag.com\/en\/legal-notice\/"]}]},{"@type":"BreadcrumbList","@id":"https:\/\/manumag.com\/en\/legal-notice\/#breadcrumb","itemListElement":[{"@type":"ListItem","position":1,"name":"Inicio","item":"https:\/\/manumag.com\/en\/"},{"@type":"ListItem","position":2,"name":"Legal Notice"}]},{"@type":"WebSite","@id":"https:\/\/manumag.com\/#website","url":"https:\/\/manumag.com\/","name":"Manumag","description":"Fabricante de transformadores monof\u00e1sicos y trif\u00e1sicos de bajo voltaje para aislamiento, seguridad, m\u00e1quinas e instalaciones hospitalarias.","publisher":{"@id":"https:\/\/manumag.com\/#organization"},"potentialAction":[{"@type":"SearchAction","target":{"@type":"EntryPoint","urlTemplate":"https:\/\/manumag.com\/?s={search_term_string}"},"query-input":{"@type":"PropertyValueSpecification","valueRequired":true,"valueName":"search_term_string"}}],"inLanguage":"en-US"},{"@type":"Organization","@id":"https:\/\/manumag.com\/#organization","name":"Manumag","url":"https:\/\/manumag.com\/","logo":{"@type":"ImageObject","inLanguage":"en-US","@id":"https:\/\/manumag.com\/#\/schema\/logo\/image\/","url":"https:\/\/manumag.com\/wp-content\/uploads\/2015\/06\/logo_web.png","contentUrl":"https:\/\/manumag.com\/wp-content\/uploads\/2015\/06\/logo_web.png","width":176,"height":110,"caption":"Manumag"},"image":{"@id":"https:\/\/manumag.com\/#\/schema\/logo\/image\/"}}]}},"_links":{"self":[{"href":"https:\/\/manumag.com\/en\/wp-json\/wp\/v2\/pages\/9442","targetHints":{"allow":["GET"]}}],"collection":[{"href":"https:\/\/manumag.com\/en\/wp-json\/wp\/v2\/pages"}],"about":[{"href":"https:\/\/manumag.com\/en\/wp-json\/wp\/v2\/types\/page"}],"author":[{"embeddable":true,"href":"https:\/\/manumag.com\/en\/wp-json\/wp\/v2\/users\/5"}],"replies":[{"embeddable":true,"href":"https:\/\/manumag.com\/en\/wp-json\/wp\/v2\/comments?post=9442"}],"version-history":[{"count":6,"href":"https:\/\/manumag.com\/en\/wp-json\/wp\/v2\/pages\/9442\/revisions"}],"predecessor-version":[{"id":15105,"href":"https:\/\/manumag.com\/en\/wp-json\/wp\/v2\/pages\/9442\/revisions\/15105"}],"wp:attachment":[{"href":"https:\/\/manumag.com\/en\/wp-json\/wp\/v2\/media?parent=9442"}],"curies":[{"name":"wp","href":"https:\/\/api.w.org\/{rel}","templated":true}]}}