{"id":10446,"date":"2022-10-21T08:56:36","date_gmt":"2022-10-21T06:56:36","guid":{"rendered":"https:\/\/manumag.com\/productos\/isolation-transformer-for-medical-locations-230v-230vac-ucc-8\/"},"modified":"2024-02-08T13:34:32","modified_gmt":"2024-02-08T12:34:32","slug":"isolation-transformer-for-medical-locations-230v-230vac-ucc-8","status":"publish","type":"product","link":"https:\/\/manumag.com\/en\/products\/isolation-transformer-for-medical-locations-230v-230vac-ucc-8\/","title":{"rendered":"ISOLATION TRANSFORMER FOR MEDICAL LOCATIONS 230V &#8211; 230VAC Ucc 8%"},"content":{"rendered":"","protected":false},"excerpt":{"rendered":"","protected":false},"featured_media":9358,"template":"","meta":{"_acf_changed":false,"site-sidebar-layout":"default","site-content-layout":"default","ast-site-content-layout":"default","site-content-style":"default","site-sidebar-style":"default","ast-global-header-display":"","ast-banner-title-visibility":"","ast-main-header-display":"","ast-hfb-above-header-display":"","ast-hfb-below-header-display":"","ast-hfb-mobile-header-display":"","site-post-title":"","ast-breadcrumbs-content":"","ast-featured-img":"","footer-sml-layout":"","ast-disable-related-posts":"","theme-transparent-header-meta":"default","adv-header-id-meta":"","stick-header-meta":"","header-above-stick-meta":"","header-main-stick-meta":"","header-below-stick-meta":"","astra-migrate-meta-layouts":"set","ast-page-background-enabled":"default","ast-page-background-meta":{"desktop":{"background-color":"var(--ast-global-color-4)","background-image":"","background-repeat":"repeat","background-position":"center center","background-size":"auto","background-attachment":"scroll","background-type":"","background-media":"","overlay-type":"","overlay-color":"","overlay-opacity":"","overlay-gradient":""},"tablet":{"background-color":"","background-image":"","background-repeat":"repeat","background-position":"center center","background-size":"auto","background-attachment":"scroll","background-type":"","background-media":"","overlay-type":"","overlay-color":"","overlay-opacity":"","overlay-gradient":""},"mobile":{"background-color":"","background-image":"","background-repeat":"repeat","background-position":"center center","background-size":"auto","background-attachment":"scroll","background-type":"","background-media":"","overlay-type":"","overlay-color":"","overlay-opacity":"","overlay-gradient":""}},"ast-content-background-meta":{"desktop":{"background-color":"var(--ast-global-color-5)","background-image":"","background-repeat":"repeat","background-position":"center center","background-size":"auto","background-attachment":"scroll","background-type":"","background-media":"","overlay-type":"","overlay-color":"","overlay-opacity":"","overlay-gradient":""},"tablet":{"background-color":"var(--ast-global-color-5)","background-image":"","background-repeat":"repeat","background-position":"center center","background-size":"auto","background-attachment":"scroll","background-type":"","background-media":"","overlay-type":"","overlay-color":"","overlay-opacity":"","overlay-gradient":""},"mobile":{"background-color":"var(--ast-global-color-5)","background-image":"","background-repeat":"repeat","background-position":"center center","background-size":"auto","background-attachment":"scroll","background-type":"","background-media":"","overlay-type":"","overlay-color":"","overlay-opacity":"","overlay-gradient":""}}},"product_brand":[],"product_cat":[261,248],"product_tag":[],"class_list":{"0":"post-10446","1":"product","2":"type-product","3":"status-publish","4":"has-post-thumbnail","6":"product_cat-isolation-transformers-for-medical-locations","7":"product_cat-td-series-en","8":"desktop-align-left","9":"tablet-align-left","10":"mobile-align-left","12":"first","13":"instock","14":"shipping-taxable","15":"purchasable","16":"product-type-variable"},"acf":[],"yoast_head":"<!-- This site is optimized with the Yoast SEO plugin v27.1.1 - https:\/\/yoast.com\/product\/yoast-seo-wordpress\/ -->\n<title>ISOLATION TRANSFORMER FOR MEDICAL LOCATIONS 230V - 230VAC Ucc 8% - Manumag<\/title>\n<meta name=\"robots\" content=\"index, follow, max-snippet:-1, max-image-preview:large, max-video-preview:-1\" \/>\n<link rel=\"canonical\" href=\"https:\/\/manumag.com\/en\/products\/isolation-transformer-for-medical-locations-230v-230vac-ucc-8\/\" \/>\n<meta property=\"og:locale\" content=\"en_US\" \/>\n<meta property=\"og:type\" content=\"article\" \/>\n<meta property=\"og:title\" content=\"ISOLATION TRANSFORMER FOR MEDICAL LOCATIONS 230V - 230VAC Ucc 8% - Manumag\" \/>\n<meta property=\"og:url\" content=\"https:\/\/manumag.com\/en\/products\/isolation-transformer-for-medical-locations-230v-230vac-ucc-8\/\" \/>\n<meta property=\"og:site_name\" content=\"Manumag\" \/>\n<meta property=\"article:modified_time\" content=\"2024-02-08T12:34:32+00:00\" \/>\n<meta property=\"og:image\" content=\"https:\/\/manumag.com\/wp-content\/uploads\/2023\/01\/td-new.jpg\" \/>\n\t<meta property=\"og:image:width\" content=\"870\" \/>\n\t<meta property=\"og:image:height\" content=\"700\" \/>\n\t<meta property=\"og:image:type\" content=\"image\/jpeg\" \/>\n<meta name=\"twitter:card\" content=\"summary_large_image\" \/>\n<meta name=\"twitter:label1\" content=\"Est. reading time\" \/>\n\t<meta name=\"twitter:data1\" content=\"1 minute\" \/>\n<script type=\"application\/ld+json\" class=\"yoast-schema-graph\">{\"@context\":\"https:\/\/schema.org\",\"@graph\":[{\"@type\":\"WebPage\",\"@id\":\"https:\/\/manumag.com\/en\/products\/isolation-transformer-for-medical-locations-230v-230vac-ucc-8\/\",\"url\":\"https:\/\/manumag.com\/en\/products\/isolation-transformer-for-medical-locations-230v-230vac-ucc-8\/\",\"name\":\"ISOLATION TRANSFORMER FOR MEDICAL LOCATIONS 230V - 230VAC Ucc 8% - Manumag\",\"isPartOf\":{\"@id\":\"https:\/\/manumag.com\/#website\"},\"primaryImageOfPage\":{\"@id\":\"https:\/\/manumag.com\/en\/products\/isolation-transformer-for-medical-locations-230v-230vac-ucc-8\/#primaryimage\"},\"image\":{\"@id\":\"https:\/\/manumag.com\/en\/products\/isolation-transformer-for-medical-locations-230v-230vac-ucc-8\/#primaryimage\"},\"thumbnailUrl\":\"https:\/\/manumag.com\/wp-content\/uploads\/2023\/01\/td-new.jpg\",\"datePublished\":\"2022-10-21T06:56:36+00:00\",\"dateModified\":\"2024-02-08T12:34:32+00:00\",\"breadcrumb\":{\"@id\":\"https:\/\/manumag.com\/en\/products\/isolation-transformer-for-medical-locations-230v-230vac-ucc-8\/#breadcrumb\"},\"inLanguage\":\"en-US\",\"potentialAction\":[{\"@type\":\"ReadAction\",\"target\":[\"https:\/\/manumag.com\/en\/products\/isolation-transformer-for-medical-locations-230v-230vac-ucc-8\/\"]}]},{\"@type\":\"ImageObject\",\"inLanguage\":\"en-US\",\"@id\":\"https:\/\/manumag.com\/en\/products\/isolation-transformer-for-medical-locations-230v-230vac-ucc-8\/#primaryimage\",\"url\":\"https:\/\/manumag.com\/wp-content\/uploads\/2023\/01\/td-new.jpg\",\"contentUrl\":\"https:\/\/manumag.com\/wp-content\/uploads\/2023\/01\/td-new.jpg\",\"width\":870,\"height\":700},{\"@type\":\"BreadcrumbList\",\"@id\":\"https:\/\/manumag.com\/en\/products\/isolation-transformer-for-medical-locations-230v-230vac-ucc-8\/#breadcrumb\",\"itemListElement\":[{\"@type\":\"ListItem\",\"position\":1,\"name\":\"Inicio\",\"item\":\"https:\/\/manumag.com\/en\/\"},{\"@type\":\"ListItem\",\"position\":2,\"name\":\"Productos\",\"item\":\"https:\/\/manumag.com\/productos\/\"},{\"@type\":\"ListItem\",\"position\":3,\"name\":\"ISOLATION TRANSFORMERS FOR MEDICAL LOCATIONS\",\"item\":\"https:\/\/manumag.com\/en\/categoria-producto\/isolation-transformers-for-medical-locations\/\"},{\"@type\":\"ListItem\",\"position\":4,\"name\":\"TD SERIES\",\"item\":\"https:\/\/manumag.com\/en\/categoria-producto\/isolation-transformers-for-medical-locations\/td-series-en\/\"},{\"@type\":\"ListItem\",\"position\":5,\"name\":\"ISOLATION TRANSFORMER FOR MEDICAL LOCATIONS 230V &#8211; 230VAC Ucc 8%\"}]},{\"@type\":\"WebSite\",\"@id\":\"https:\/\/manumag.com\/#website\",\"url\":\"https:\/\/manumag.com\/\",\"name\":\"Manumag\",\"description\":\"Fabricante de transformadores monof\u00e1sicos y trif\u00e1sicos de bajo voltaje para aislamiento, seguridad, m\u00e1quinas e instalaciones hospitalarias.\",\"publisher\":{\"@id\":\"https:\/\/manumag.com\/#organization\"},\"potentialAction\":[{\"@type\":\"SearchAction\",\"target\":{\"@type\":\"EntryPoint\",\"urlTemplate\":\"https:\/\/manumag.com\/?s={search_term_string}\"},\"query-input\":{\"@type\":\"PropertyValueSpecification\",\"valueRequired\":true,\"valueName\":\"search_term_string\"}}],\"inLanguage\":\"en-US\"},{\"@type\":\"Organization\",\"@id\":\"https:\/\/manumag.com\/#organization\",\"name\":\"Manumag\",\"url\":\"https:\/\/manumag.com\/\",\"logo\":{\"@type\":\"ImageObject\",\"inLanguage\":\"en-US\",\"@id\":\"https:\/\/manumag.com\/#\/schema\/logo\/image\/\",\"url\":\"https:\/\/manumag.com\/wp-content\/uploads\/2015\/06\/logo_web.png\",\"contentUrl\":\"https:\/\/manumag.com\/wp-content\/uploads\/2015\/06\/logo_web.png\",\"width\":176,\"height\":110,\"caption\":\"Manumag\"},\"image\":{\"@id\":\"https:\/\/manumag.com\/#\/schema\/logo\/image\/\"}}]}<\/script>\n<!-- \/ Yoast SEO plugin. -->","yoast_head_json":{"title":"ISOLATION TRANSFORMER FOR MEDICAL LOCATIONS 230V - 230VAC Ucc 8% - Manumag","robots":{"index":"index","follow":"follow","max-snippet":"max-snippet:-1","max-image-preview":"max-image-preview:large","max-video-preview":"max-video-preview:-1"},"canonical":"https:\/\/manumag.com\/en\/products\/isolation-transformer-for-medical-locations-230v-230vac-ucc-8\/","og_locale":"en_US","og_type":"article","og_title":"ISOLATION TRANSFORMER FOR MEDICAL LOCATIONS 230V - 230VAC Ucc 8% - Manumag","og_url":"https:\/\/manumag.com\/en\/products\/isolation-transformer-for-medical-locations-230v-230vac-ucc-8\/","og_site_name":"Manumag","article_modified_time":"2024-02-08T12:34:32+00:00","og_image":[{"width":870,"height":700,"url":"https:\/\/manumag.com\/wp-content\/uploads\/2023\/01\/td-new.jpg","type":"image\/jpeg"}],"twitter_card":"summary_large_image","twitter_misc":{"Est. reading time":"1 minute"},"schema":{"@context":"https:\/\/schema.org","@graph":[{"@type":"WebPage","@id":"https:\/\/manumag.com\/en\/products\/isolation-transformer-for-medical-locations-230v-230vac-ucc-8\/","url":"https:\/\/manumag.com\/en\/products\/isolation-transformer-for-medical-locations-230v-230vac-ucc-8\/","name":"ISOLATION TRANSFORMER FOR MEDICAL LOCATIONS 230V - 230VAC Ucc 8% - Manumag","isPartOf":{"@id":"https:\/\/manumag.com\/#website"},"primaryImageOfPage":{"@id":"https:\/\/manumag.com\/en\/products\/isolation-transformer-for-medical-locations-230v-230vac-ucc-8\/#primaryimage"},"image":{"@id":"https:\/\/manumag.com\/en\/products\/isolation-transformer-for-medical-locations-230v-230vac-ucc-8\/#primaryimage"},"thumbnailUrl":"https:\/\/manumag.com\/wp-content\/uploads\/2023\/01\/td-new.jpg","datePublished":"2022-10-21T06:56:36+00:00","dateModified":"2024-02-08T12:34:32+00:00","breadcrumb":{"@id":"https:\/\/manumag.com\/en\/products\/isolation-transformer-for-medical-locations-230v-230vac-ucc-8\/#breadcrumb"},"inLanguage":"en-US","potentialAction":[{"@type":"ReadAction","target":["https:\/\/manumag.com\/en\/products\/isolation-transformer-for-medical-locations-230v-230vac-ucc-8\/"]}]},{"@type":"ImageObject","inLanguage":"en-US","@id":"https:\/\/manumag.com\/en\/products\/isolation-transformer-for-medical-locations-230v-230vac-ucc-8\/#primaryimage","url":"https:\/\/manumag.com\/wp-content\/uploads\/2023\/01\/td-new.jpg","contentUrl":"https:\/\/manumag.com\/wp-content\/uploads\/2023\/01\/td-new.jpg","width":870,"height":700},{"@type":"BreadcrumbList","@id":"https:\/\/manumag.com\/en\/products\/isolation-transformer-for-medical-locations-230v-230vac-ucc-8\/#breadcrumb","itemListElement":[{"@type":"ListItem","position":1,"name":"Inicio","item":"https:\/\/manumag.com\/en\/"},{"@type":"ListItem","position":2,"name":"Productos","item":"https:\/\/manumag.com\/productos\/"},{"@type":"ListItem","position":3,"name":"ISOLATION TRANSFORMERS FOR MEDICAL LOCATIONS","item":"https:\/\/manumag.com\/en\/categoria-producto\/isolation-transformers-for-medical-locations\/"},{"@type":"ListItem","position":4,"name":"TD SERIES","item":"https:\/\/manumag.com\/en\/categoria-producto\/isolation-transformers-for-medical-locations\/td-series-en\/"},{"@type":"ListItem","position":5,"name":"ISOLATION TRANSFORMER FOR MEDICAL LOCATIONS 230V &#8211; 230VAC Ucc 8%"}]},{"@type":"WebSite","@id":"https:\/\/manumag.com\/#website","url":"https:\/\/manumag.com\/","name":"Manumag","description":"Fabricante de transformadores monof\u00e1sicos y trif\u00e1sicos de bajo voltaje para aislamiento, seguridad, m\u00e1quinas e instalaciones hospitalarias.","publisher":{"@id":"https:\/\/manumag.com\/#organization"},"potentialAction":[{"@type":"SearchAction","target":{"@type":"EntryPoint","urlTemplate":"https:\/\/manumag.com\/?s={search_term_string}"},"query-input":{"@type":"PropertyValueSpecification","valueRequired":true,"valueName":"search_term_string"}}],"inLanguage":"en-US"},{"@type":"Organization","@id":"https:\/\/manumag.com\/#organization","name":"Manumag","url":"https:\/\/manumag.com\/","logo":{"@type":"ImageObject","inLanguage":"en-US","@id":"https:\/\/manumag.com\/#\/schema\/logo\/image\/","url":"https:\/\/manumag.com\/wp-content\/uploads\/2015\/06\/logo_web.png","contentUrl":"https:\/\/manumag.com\/wp-content\/uploads\/2015\/06\/logo_web.png","width":176,"height":110,"caption":"Manumag"},"image":{"@id":"https:\/\/manumag.com\/#\/schema\/logo\/image\/"}}]}},"_links":{"self":[{"href":"https:\/\/manumag.com\/en\/wp-json\/wp\/v2\/product\/10446","targetHints":{"allow":["GET"]}}],"collection":[{"href":"https:\/\/manumag.com\/en\/wp-json\/wp\/v2\/product"}],"about":[{"href":"https:\/\/manumag.com\/en\/wp-json\/wp\/v2\/types\/product"}],"wp:featuredmedia":[{"embeddable":true,"href":"https:\/\/manumag.com\/en\/wp-json\/wp\/v2\/media\/9358"}],"wp:attachment":[{"href":"https:\/\/manumag.com\/en\/wp-json\/wp\/v2\/media?parent=10446"}],"wp:term":[{"taxonomy":"product_brand","embeddable":true,"href":"https:\/\/manumag.com\/en\/wp-json\/wp\/v2\/product_brand?post=10446"},{"taxonomy":"product_cat","embeddable":true,"href":"https:\/\/manumag.com\/en\/wp-json\/wp\/v2\/product_cat?post=10446"},{"taxonomy":"product_tag","embeddable":true,"href":"https:\/\/manumag.com\/en\/wp-json\/wp\/v2\/product_tag?post=10446"}],"curies":[{"name":"wp","href":"https:\/\/api.w.org\/{rel}","templated":true}]}}