{"id":10470,"date":"2022-11-07T11:05:50","date_gmt":"2022-11-07T10:05:50","guid":{"rendered":"https:\/\/manumag.com\/productos\/power-supply-units-for-control-systems-fam-fat\/"},"modified":"2023-02-09T12:04:44","modified_gmt":"2023-02-09T11:04:44","slug":"power-supply-units-for-control-systems-fam-fat","status":"publish","type":"product","link":"https:\/\/manumag.com\/en\/products\/power-supply-units-for-control-systems-fam-fat\/","title":{"rendered":"POWER SUPPLY UNITS FOR CONTROL SYSTEMS FAM-FAT"},"content":{"rendered":"","protected":false},"excerpt":{"rendered":"","protected":false},"featured_media":9359,"template":"","meta":{"_acf_changed":false,"site-sidebar-layout":"default","site-content-layout":"default","ast-site-content-layout":"default","site-content-style":"default","site-sidebar-style":"default","ast-global-header-display":"","ast-banner-title-visibility":"","ast-main-header-display":"","ast-hfb-above-header-display":"","ast-hfb-below-header-display":"","ast-hfb-mobile-header-display":"","site-post-title":"","ast-breadcrumbs-content":"","ast-featured-img":"","footer-sml-layout":"","ast-disable-related-posts":"","theme-transparent-header-meta":"default","adv-header-id-meta":"","stick-header-meta":"","header-above-stick-meta":"","header-main-stick-meta":"","header-below-stick-meta":"","astra-migrate-meta-layouts":"default","ast-page-background-enabled":"default","ast-page-background-meta":{"desktop":{"background-color":"var(--ast-global-color-4)","background-image":"","background-repeat":"repeat","background-position":"center center","background-size":"auto","background-attachment":"scroll","background-type":"","background-media":"","overlay-type":"","overlay-color":"","overlay-opacity":"","overlay-gradient":""},"tablet":{"background-color":"","background-image":"","background-repeat":"repeat","background-position":"center center","background-size":"auto","background-attachment":"scroll","background-type":"","background-media":"","overlay-type":"","overlay-color":"","overlay-opacity":"","overlay-gradient":""},"mobile":{"background-color":"","background-image":"","background-repeat":"repeat","background-position":"center center","background-size":"auto","background-attachment":"scroll","background-type":"","background-media":"","overlay-type":"","overlay-color":"","overlay-opacity":"","overlay-gradient":""}},"ast-content-background-meta":{"desktop":{"background-color":"var(--ast-global-color-5)","background-image":"","background-repeat":"repeat","background-position":"center center","background-size":"auto","background-attachment":"scroll","background-type":"","background-media":"","overlay-type":"","overlay-color":"","overlay-opacity":"","overlay-gradient":""},"tablet":{"background-color":"var(--ast-global-color-5)","background-image":"","background-repeat":"repeat","background-position":"center center","background-size":"auto","background-attachment":"scroll","background-type":"","background-media":"","overlay-type":"","overlay-color":"","overlay-opacity":"","overlay-gradient":""},"mobile":{"background-color":"var(--ast-global-color-5)","background-image":"","background-repeat":"repeat","background-position":"center center","background-size":"auto","background-attachment":"scroll","background-type":"","background-media":"","overlay-type":"","overlay-color":"","overlay-opacity":"","overlay-gradient":""}}},"product_brand":[],"product_cat":[254,238,239],"product_tag":[],"class_list":{"0":"post-10470","1":"product","2":"type-product","3":"status-publish","4":"has-post-thumbnail","6":"product_cat-power-supply-units","7":"product_cat-fam-series-en","8":"product_cat-fat-series-en","9":"desktop-align-left","10":"tablet-align-left","11":"mobile-align-left","13":"first","14":"instock","15":"shipping-taxable","16":"purchasable","17":"product-type-variable"},"acf":[],"yoast_head":"<!-- This site is optimized with the Yoast SEO plugin v27.4 - https:\/\/yoast.com\/product\/yoast-seo-wordpress\/ -->\n<title>POWER SUPPLY UNITS FOR CONTROL SYSTEMS FAM-FAT - Manumag<\/title>\n<meta name=\"robots\" content=\"index, follow, max-snippet:-1, max-image-preview:large, max-video-preview:-1\" \/>\n<link rel=\"canonical\" href=\"https:\/\/manumag.com\/en\/products\/power-supply-units-for-control-systems-fam-fat\/\" \/>\n<meta property=\"og:locale\" content=\"en_US\" \/>\n<meta property=\"og:type\" content=\"article\" \/>\n<meta property=\"og:title\" content=\"POWER SUPPLY UNITS FOR CONTROL SYSTEMS FAM-FAT - Manumag\" \/>\n<meta property=\"og:url\" content=\"https:\/\/manumag.com\/en\/products\/power-supply-units-for-control-systems-fam-fat\/\" \/>\n<meta property=\"og:site_name\" content=\"Manumag\" \/>\n<meta property=\"article:modified_time\" content=\"2023-02-09T11:04:44+00:00\" \/>\n<meta property=\"og:image\" content=\"https:\/\/manumag.com\/wp-content\/uploads\/2022\/11\/doble_fuentes-new.jpg\" \/>\n\t<meta property=\"og:image:width\" content=\"870\" \/>\n\t<meta property=\"og:image:height\" content=\"700\" \/>\n\t<meta property=\"og:image:type\" content=\"image\/jpeg\" \/>\n<meta name=\"twitter:card\" content=\"summary_large_image\" \/>\n<script type=\"application\/ld+json\" class=\"yoast-schema-graph\">{\"@context\":\"https:\\\/\\\/schema.org\",\"@graph\":[{\"@type\":\"WebPage\",\"@id\":\"https:\\\/\\\/manumag.com\\\/en\\\/products\\\/power-supply-units-for-control-systems-fam-fat\\\/\",\"url\":\"https:\\\/\\\/manumag.com\\\/en\\\/products\\\/power-supply-units-for-control-systems-fam-fat\\\/\",\"name\":\"POWER SUPPLY UNITS FOR CONTROL SYSTEMS FAM-FAT - Manumag\",\"isPartOf\":{\"@id\":\"https:\\\/\\\/manumag.com\\\/#website\"},\"primaryImageOfPage\":{\"@id\":\"https:\\\/\\\/manumag.com\\\/en\\\/products\\\/power-supply-units-for-control-systems-fam-fat\\\/#primaryimage\"},\"image\":{\"@id\":\"https:\\\/\\\/manumag.com\\\/en\\\/products\\\/power-supply-units-for-control-systems-fam-fat\\\/#primaryimage\"},\"thumbnailUrl\":\"https:\\\/\\\/manumag.com\\\/wp-content\\\/uploads\\\/2022\\\/11\\\/doble_fuentes-new.jpg\",\"datePublished\":\"2022-11-07T10:05:50+00:00\",\"dateModified\":\"2023-02-09T11:04:44+00:00\",\"breadcrumb\":{\"@id\":\"https:\\\/\\\/manumag.com\\\/en\\\/products\\\/power-supply-units-for-control-systems-fam-fat\\\/#breadcrumb\"},\"inLanguage\":\"en-US\",\"potentialAction\":[{\"@type\":\"ReadAction\",\"target\":[\"https:\\\/\\\/manumag.com\\\/en\\\/products\\\/power-supply-units-for-control-systems-fam-fat\\\/\"]}]},{\"@type\":\"ImageObject\",\"inLanguage\":\"en-US\",\"@id\":\"https:\\\/\\\/manumag.com\\\/en\\\/products\\\/power-supply-units-for-control-systems-fam-fat\\\/#primaryimage\",\"url\":\"https:\\\/\\\/manumag.com\\\/wp-content\\\/uploads\\\/2022\\\/11\\\/doble_fuentes-new.jpg\",\"contentUrl\":\"https:\\\/\\\/manumag.com\\\/wp-content\\\/uploads\\\/2022\\\/11\\\/doble_fuentes-new.jpg\",\"width\":870,\"height\":700},{\"@type\":\"BreadcrumbList\",\"@id\":\"https:\\\/\\\/manumag.com\\\/en\\\/products\\\/power-supply-units-for-control-systems-fam-fat\\\/#breadcrumb\",\"itemListElement\":[{\"@type\":\"ListItem\",\"position\":1,\"name\":\"Inicio\",\"item\":\"https:\\\/\\\/manumag.com\\\/en\\\/\"},{\"@type\":\"ListItem\",\"position\":2,\"name\":\"Productos\",\"item\":\"https:\\\/\\\/manumag.com\\\/productos\\\/\"},{\"@type\":\"ListItem\",\"position\":3,\"name\":\"POWER SUPPLY UNITS\",\"item\":\"https:\\\/\\\/manumag.com\\\/en\\\/categoria-producto\\\/power-supply-units\\\/\"},{\"@type\":\"ListItem\",\"position\":4,\"name\":\"FAM SERIES\",\"item\":\"https:\\\/\\\/manumag.com\\\/en\\\/categoria-producto\\\/power-supply-units\\\/fam-series-en\\\/\"},{\"@type\":\"ListItem\",\"position\":5,\"name\":\"POWER SUPPLY UNITS FOR CONTROL SYSTEMS FAM-FAT\"}]},{\"@type\":\"WebSite\",\"@id\":\"https:\\\/\\\/manumag.com\\\/#website\",\"url\":\"https:\\\/\\\/manumag.com\\\/\",\"name\":\"Manumag\",\"description\":\"Fabricante de transformadores monof\u00e1sicos y trif\u00e1sicos de bajo voltaje para aislamiento, seguridad, m\u00e1quinas e instalaciones hospitalarias.\",\"publisher\":{\"@id\":\"https:\\\/\\\/manumag.com\\\/#organization\"},\"potentialAction\":[{\"@type\":\"SearchAction\",\"target\":{\"@type\":\"EntryPoint\",\"urlTemplate\":\"https:\\\/\\\/manumag.com\\\/?s={search_term_string}\"},\"query-input\":{\"@type\":\"PropertyValueSpecification\",\"valueRequired\":true,\"valueName\":\"search_term_string\"}}],\"inLanguage\":\"en-US\"},{\"@type\":\"Organization\",\"@id\":\"https:\\\/\\\/manumag.com\\\/#organization\",\"name\":\"Manumag\",\"url\":\"https:\\\/\\\/manumag.com\\\/\",\"logo\":{\"@type\":\"ImageObject\",\"inLanguage\":\"en-US\",\"@id\":\"https:\\\/\\\/manumag.com\\\/#\\\/schema\\\/logo\\\/image\\\/\",\"url\":\"https:\\\/\\\/manumag.com\\\/wp-content\\\/uploads\\\/2015\\\/06\\\/logo_web.png\",\"contentUrl\":\"https:\\\/\\\/manumag.com\\\/wp-content\\\/uploads\\\/2015\\\/06\\\/logo_web.png\",\"width\":176,\"height\":110,\"caption\":\"Manumag\"},\"image\":{\"@id\":\"https:\\\/\\\/manumag.com\\\/#\\\/schema\\\/logo\\\/image\\\/\"}}]}<\/script>\n<!-- \/ Yoast SEO plugin. -->","yoast_head_json":{"title":"POWER SUPPLY UNITS FOR CONTROL SYSTEMS FAM-FAT - Manumag","robots":{"index":"index","follow":"follow","max-snippet":"max-snippet:-1","max-image-preview":"max-image-preview:large","max-video-preview":"max-video-preview:-1"},"canonical":"https:\/\/manumag.com\/en\/products\/power-supply-units-for-control-systems-fam-fat\/","og_locale":"en_US","og_type":"article","og_title":"POWER SUPPLY UNITS FOR CONTROL SYSTEMS FAM-FAT - Manumag","og_url":"https:\/\/manumag.com\/en\/products\/power-supply-units-for-control-systems-fam-fat\/","og_site_name":"Manumag","article_modified_time":"2023-02-09T11:04:44+00:00","og_image":[{"width":870,"height":700,"url":"https:\/\/manumag.com\/wp-content\/uploads\/2022\/11\/doble_fuentes-new.jpg","type":"image\/jpeg"}],"twitter_card":"summary_large_image","schema":{"@context":"https:\/\/schema.org","@graph":[{"@type":"WebPage","@id":"https:\/\/manumag.com\/en\/products\/power-supply-units-for-control-systems-fam-fat\/","url":"https:\/\/manumag.com\/en\/products\/power-supply-units-for-control-systems-fam-fat\/","name":"POWER SUPPLY UNITS FOR CONTROL SYSTEMS FAM-FAT - Manumag","isPartOf":{"@id":"https:\/\/manumag.com\/#website"},"primaryImageOfPage":{"@id":"https:\/\/manumag.com\/en\/products\/power-supply-units-for-control-systems-fam-fat\/#primaryimage"},"image":{"@id":"https:\/\/manumag.com\/en\/products\/power-supply-units-for-control-systems-fam-fat\/#primaryimage"},"thumbnailUrl":"https:\/\/manumag.com\/wp-content\/uploads\/2022\/11\/doble_fuentes-new.jpg","datePublished":"2022-11-07T10:05:50+00:00","dateModified":"2023-02-09T11:04:44+00:00","breadcrumb":{"@id":"https:\/\/manumag.com\/en\/products\/power-supply-units-for-control-systems-fam-fat\/#breadcrumb"},"inLanguage":"en-US","potentialAction":[{"@type":"ReadAction","target":["https:\/\/manumag.com\/en\/products\/power-supply-units-for-control-systems-fam-fat\/"]}]},{"@type":"ImageObject","inLanguage":"en-US","@id":"https:\/\/manumag.com\/en\/products\/power-supply-units-for-control-systems-fam-fat\/#primaryimage","url":"https:\/\/manumag.com\/wp-content\/uploads\/2022\/11\/doble_fuentes-new.jpg","contentUrl":"https:\/\/manumag.com\/wp-content\/uploads\/2022\/11\/doble_fuentes-new.jpg","width":870,"height":700},{"@type":"BreadcrumbList","@id":"https:\/\/manumag.com\/en\/products\/power-supply-units-for-control-systems-fam-fat\/#breadcrumb","itemListElement":[{"@type":"ListItem","position":1,"name":"Inicio","item":"https:\/\/manumag.com\/en\/"},{"@type":"ListItem","position":2,"name":"Productos","item":"https:\/\/manumag.com\/productos\/"},{"@type":"ListItem","position":3,"name":"POWER SUPPLY UNITS","item":"https:\/\/manumag.com\/en\/categoria-producto\/power-supply-units\/"},{"@type":"ListItem","position":4,"name":"FAM SERIES","item":"https:\/\/manumag.com\/en\/categoria-producto\/power-supply-units\/fam-series-en\/"},{"@type":"ListItem","position":5,"name":"POWER SUPPLY UNITS FOR CONTROL SYSTEMS FAM-FAT"}]},{"@type":"WebSite","@id":"https:\/\/manumag.com\/#website","url":"https:\/\/manumag.com\/","name":"Manumag","description":"Fabricante de transformadores monof\u00e1sicos y trif\u00e1sicos de bajo voltaje para aislamiento, seguridad, m\u00e1quinas e instalaciones hospitalarias.","publisher":{"@id":"https:\/\/manumag.com\/#organization"},"potentialAction":[{"@type":"SearchAction","target":{"@type":"EntryPoint","urlTemplate":"https:\/\/manumag.com\/?s={search_term_string}"},"query-input":{"@type":"PropertyValueSpecification","valueRequired":true,"valueName":"search_term_string"}}],"inLanguage":"en-US"},{"@type":"Organization","@id":"https:\/\/manumag.com\/#organization","name":"Manumag","url":"https:\/\/manumag.com\/","logo":{"@type":"ImageObject","inLanguage":"en-US","@id":"https:\/\/manumag.com\/#\/schema\/logo\/image\/","url":"https:\/\/manumag.com\/wp-content\/uploads\/2015\/06\/logo_web.png","contentUrl":"https:\/\/manumag.com\/wp-content\/uploads\/2015\/06\/logo_web.png","width":176,"height":110,"caption":"Manumag"},"image":{"@id":"https:\/\/manumag.com\/#\/schema\/logo\/image\/"}}]}},"_links":{"self":[{"href":"https:\/\/manumag.com\/en\/wp-json\/wp\/v2\/product\/10470","targetHints":{"allow":["GET"]}}],"collection":[{"href":"https:\/\/manumag.com\/en\/wp-json\/wp\/v2\/product"}],"about":[{"href":"https:\/\/manumag.com\/en\/wp-json\/wp\/v2\/types\/product"}],"wp:featuredmedia":[{"embeddable":true,"href":"https:\/\/manumag.com\/en\/wp-json\/wp\/v2\/media\/9359"}],"wp:attachment":[{"href":"https:\/\/manumag.com\/en\/wp-json\/wp\/v2\/media?parent=10470"}],"wp:term":[{"taxonomy":"product_brand","embeddable":true,"href":"https:\/\/manumag.com\/en\/wp-json\/wp\/v2\/product_brand?post=10470"},{"taxonomy":"product_cat","embeddable":true,"href":"https:\/\/manumag.com\/en\/wp-json\/wp\/v2\/product_cat?post=10470"},{"taxonomy":"product_tag","embeddable":true,"href":"https:\/\/manumag.com\/en\/wp-json\/wp\/v2\/product_tag?post=10470"}],"curies":[{"name":"wp","href":"https:\/\/api.w.org\/{rel}","templated":true}]}}