{"id":10762,"date":"2022-08-11T07:11:51","date_gmt":"2022-08-11T05:11:51","guid":{"rendered":"https:\/\/manumag.com\/productos\/single-phase-isolation-transformer-230v-400v-115v-230vac\/"},"modified":"2023-07-12T09:25:03","modified_gmt":"2023-07-12T07:25:03","slug":"single-phase-isolation-transformer-230v-400v-115v-230vac","status":"publish","type":"product","link":"https:\/\/manumag.com\/en\/products\/single-phase-isolation-transformer-230v-400v-115v-230vac\/","title":{"rendered":"SINGLE-PHASE ISOLATION TRANSFORMER 230V \/ 400V &#8211; 115V \/ 230VAC"},"content":{"rendered":"","protected":false},"excerpt":{"rendered":"<p>Isolation transformers are intended to power electrical devices that need circuit separation. They are protected against moisture by resin impregnation.<\/p>\n","protected":false},"featured_media":9091,"template":"","meta":{"_acf_changed":false,"site-sidebar-layout":"default","site-content-layout":"default","ast-site-content-layout":"default","site-content-style":"default","site-sidebar-style":"default","ast-global-header-display":"","ast-banner-title-visibility":"","ast-main-header-display":"","ast-hfb-above-header-display":"","ast-hfb-below-header-display":"","ast-hfb-mobile-header-display":"","site-post-title":"","ast-breadcrumbs-content":"","ast-featured-img":"","footer-sml-layout":"","ast-disable-related-posts":"","theme-transparent-header-meta":"default","adv-header-id-meta":"","stick-header-meta":"","header-above-stick-meta":"","header-main-stick-meta":"","header-below-stick-meta":"","astra-migrate-meta-layouts":"default","ast-page-background-enabled":"default","ast-page-background-meta":{"desktop":{"background-color":"var(--ast-global-color-4)","background-image":"","background-repeat":"repeat","background-position":"center center","background-size":"auto","background-attachment":"scroll","background-type":"","background-media":"","overlay-type":"","overlay-color":"","overlay-opacity":"","overlay-gradient":""},"tablet":{"background-color":"","background-image":"","background-repeat":"repeat","background-position":"center center","background-size":"auto","background-attachment":"scroll","background-type":"","background-media":"","overlay-type":"","overlay-color":"","overlay-opacity":"","overlay-gradient":""},"mobile":{"background-color":"","background-image":"","background-repeat":"repeat","background-position":"center center","background-size":"auto","background-attachment":"scroll","background-type":"","background-media":"","overlay-type":"","overlay-color":"","overlay-opacity":"","overlay-gradient":""}},"ast-content-background-meta":{"desktop":{"background-color":"var(--ast-global-color-5)","background-image":"","background-repeat":"repeat","background-position":"center center","background-size":"auto","background-attachment":"scroll","background-type":"","background-media":"","overlay-type":"","overlay-color":"","overlay-opacity":"","overlay-gradient":""},"tablet":{"background-color":"var(--ast-global-color-5)","background-image":"","background-repeat":"repeat","background-position":"center center","background-size":"auto","background-attachment":"scroll","background-type":"","background-media":"","overlay-type":"","overlay-color":"","overlay-opacity":"","overlay-gradient":""},"mobile":{"background-color":"var(--ast-global-color-5)","background-image":"","background-repeat":"repeat","background-position":"center center","background-size":"auto","background-attachment":"scroll","background-type":"","background-media":"","overlay-type":"","overlay-color":"","overlay-opacity":"","overlay-gradient":""}}},"product_brand":[],"product_cat":[255,241],"product_tag":[],"class_list":{"0":"post-10762","1":"product","2":"type-product","3":"status-publish","4":"has-post-thumbnail","6":"product_cat-isolation-transformers","7":"product_cat-tf-series-en","8":"desktop-align-left","9":"tablet-align-left","10":"mobile-align-left","12":"first","13":"instock","14":"shipping-taxable","15":"purchasable","16":"product-type-variable"},"acf":[],"yoast_head":"<!-- This site is optimized with the Yoast SEO plugin v27.1.1 - https:\/\/yoast.com\/product\/yoast-seo-wordpress\/ -->\n<title>SINGLE-PHASE ISOLATION TRANSFORMER 230V \/ 400V - 115V \/ 230VAC - Manumag<\/title>\n<meta name=\"robots\" content=\"index, follow, max-snippet:-1, max-image-preview:large, max-video-preview:-1\" \/>\n<link rel=\"canonical\" href=\"https:\/\/manumag.com\/en\/products\/single-phase-isolation-transformer-230v-400v-115v-230vac\/\" \/>\n<meta property=\"og:locale\" content=\"en_US\" \/>\n<meta property=\"og:type\" content=\"article\" \/>\n<meta property=\"og:title\" content=\"SINGLE-PHASE ISOLATION TRANSFORMER 230V \/ 400V - 115V \/ 230VAC - Manumag\" \/>\n<meta property=\"og:description\" content=\"Isolation transformers are intended to power electrical devices that need circuit separation. They are protected against moisture by resin impregnation.\" \/>\n<meta property=\"og:url\" content=\"https:\/\/manumag.com\/en\/products\/single-phase-isolation-transformer-230v-400v-115v-230vac\/\" \/>\n<meta property=\"og:site_name\" content=\"Manumag\" \/>\n<meta property=\"article:modified_time\" content=\"2023-07-12T07:25:03+00:00\" \/>\n<meta property=\"og:image\" content=\"https:\/\/manumag.com\/wp-content\/uploads\/2022\/08\/tf2.jpg\" \/>\n\t<meta property=\"og:image:width\" content=\"870\" \/>\n\t<meta property=\"og:image:height\" content=\"700\" \/>\n\t<meta property=\"og:image:type\" content=\"image\/jpeg\" \/>\n<meta name=\"twitter:card\" content=\"summary_large_image\" \/>\n<script type=\"application\/ld+json\" class=\"yoast-schema-graph\">{\"@context\":\"https:\/\/schema.org\",\"@graph\":[{\"@type\":\"WebPage\",\"@id\":\"https:\/\/manumag.com\/en\/products\/single-phase-isolation-transformer-230v-400v-115v-230vac\/\",\"url\":\"https:\/\/manumag.com\/en\/products\/single-phase-isolation-transformer-230v-400v-115v-230vac\/\",\"name\":\"SINGLE-PHASE ISOLATION TRANSFORMER 230V \/ 400V - 115V \/ 230VAC - Manumag\",\"isPartOf\":{\"@id\":\"https:\/\/manumag.com\/#website\"},\"primaryImageOfPage\":{\"@id\":\"https:\/\/manumag.com\/en\/products\/single-phase-isolation-transformer-230v-400v-115v-230vac\/#primaryimage\"},\"image\":{\"@id\":\"https:\/\/manumag.com\/en\/products\/single-phase-isolation-transformer-230v-400v-115v-230vac\/#primaryimage\"},\"thumbnailUrl\":\"https:\/\/manumag.com\/wp-content\/uploads\/2022\/08\/tf2.jpg\",\"datePublished\":\"2022-08-11T05:11:51+00:00\",\"dateModified\":\"2023-07-12T07:25:03+00:00\",\"breadcrumb\":{\"@id\":\"https:\/\/manumag.com\/en\/products\/single-phase-isolation-transformer-230v-400v-115v-230vac\/#breadcrumb\"},\"inLanguage\":\"en-US\",\"potentialAction\":[{\"@type\":\"ReadAction\",\"target\":[\"https:\/\/manumag.com\/en\/products\/single-phase-isolation-transformer-230v-400v-115v-230vac\/\"]}]},{\"@type\":\"ImageObject\",\"inLanguage\":\"en-US\",\"@id\":\"https:\/\/manumag.com\/en\/products\/single-phase-isolation-transformer-230v-400v-115v-230vac\/#primaryimage\",\"url\":\"https:\/\/manumag.com\/wp-content\/uploads\/2022\/08\/tf2.jpg\",\"contentUrl\":\"https:\/\/manumag.com\/wp-content\/uploads\/2022\/08\/tf2.jpg\",\"width\":870,\"height\":700},{\"@type\":\"BreadcrumbList\",\"@id\":\"https:\/\/manumag.com\/en\/products\/single-phase-isolation-transformer-230v-400v-115v-230vac\/#breadcrumb\",\"itemListElement\":[{\"@type\":\"ListItem\",\"position\":1,\"name\":\"Inicio\",\"item\":\"https:\/\/manumag.com\/en\/\"},{\"@type\":\"ListItem\",\"position\":2,\"name\":\"Productos\",\"item\":\"https:\/\/manumag.com\/productos\/\"},{\"@type\":\"ListItem\",\"position\":3,\"name\":\"TRANSFORMADORES DE AISLAMIENTO\",\"item\":\"https:\/\/manumag.com\/categoria-producto\/transformadores-de-aislamiento\/\"},{\"@type\":\"ListItem\",\"position\":4,\"name\":\"SINGLE-PHASE ISOLATION TRANSFORMER 230V \/ 400V &#8211; 115V \/ 230VAC\"}]},{\"@type\":\"WebSite\",\"@id\":\"https:\/\/manumag.com\/#website\",\"url\":\"https:\/\/manumag.com\/\",\"name\":\"Manumag\",\"description\":\"Fabricante de transformadores monof\u00e1sicos y trif\u00e1sicos de bajo voltaje para aislamiento, seguridad, m\u00e1quinas e instalaciones hospitalarias.\",\"publisher\":{\"@id\":\"https:\/\/manumag.com\/#organization\"},\"potentialAction\":[{\"@type\":\"SearchAction\",\"target\":{\"@type\":\"EntryPoint\",\"urlTemplate\":\"https:\/\/manumag.com\/?s={search_term_string}\"},\"query-input\":{\"@type\":\"PropertyValueSpecification\",\"valueRequired\":true,\"valueName\":\"search_term_string\"}}],\"inLanguage\":\"en-US\"},{\"@type\":\"Organization\",\"@id\":\"https:\/\/manumag.com\/#organization\",\"name\":\"Manumag\",\"url\":\"https:\/\/manumag.com\/\",\"logo\":{\"@type\":\"ImageObject\",\"inLanguage\":\"en-US\",\"@id\":\"https:\/\/manumag.com\/#\/schema\/logo\/image\/\",\"url\":\"https:\/\/manumag.com\/wp-content\/uploads\/2015\/06\/logo_web.png\",\"contentUrl\":\"https:\/\/manumag.com\/wp-content\/uploads\/2015\/06\/logo_web.png\",\"width\":176,\"height\":110,\"caption\":\"Manumag\"},\"image\":{\"@id\":\"https:\/\/manumag.com\/#\/schema\/logo\/image\/\"}}]}<\/script>\n<!-- \/ Yoast SEO plugin. -->","yoast_head_json":{"title":"SINGLE-PHASE ISOLATION TRANSFORMER 230V \/ 400V - 115V \/ 230VAC - Manumag","robots":{"index":"index","follow":"follow","max-snippet":"max-snippet:-1","max-image-preview":"max-image-preview:large","max-video-preview":"max-video-preview:-1"},"canonical":"https:\/\/manumag.com\/en\/products\/single-phase-isolation-transformer-230v-400v-115v-230vac\/","og_locale":"en_US","og_type":"article","og_title":"SINGLE-PHASE ISOLATION TRANSFORMER 230V \/ 400V - 115V \/ 230VAC - Manumag","og_description":"Isolation transformers are intended to power electrical devices that need circuit separation. They are protected against moisture by resin impregnation.","og_url":"https:\/\/manumag.com\/en\/products\/single-phase-isolation-transformer-230v-400v-115v-230vac\/","og_site_name":"Manumag","article_modified_time":"2023-07-12T07:25:03+00:00","og_image":[{"width":870,"height":700,"url":"https:\/\/manumag.com\/wp-content\/uploads\/2022\/08\/tf2.jpg","type":"image\/jpeg"}],"twitter_card":"summary_large_image","schema":{"@context":"https:\/\/schema.org","@graph":[{"@type":"WebPage","@id":"https:\/\/manumag.com\/en\/products\/single-phase-isolation-transformer-230v-400v-115v-230vac\/","url":"https:\/\/manumag.com\/en\/products\/single-phase-isolation-transformer-230v-400v-115v-230vac\/","name":"SINGLE-PHASE ISOLATION TRANSFORMER 230V \/ 400V - 115V \/ 230VAC - Manumag","isPartOf":{"@id":"https:\/\/manumag.com\/#website"},"primaryImageOfPage":{"@id":"https:\/\/manumag.com\/en\/products\/single-phase-isolation-transformer-230v-400v-115v-230vac\/#primaryimage"},"image":{"@id":"https:\/\/manumag.com\/en\/products\/single-phase-isolation-transformer-230v-400v-115v-230vac\/#primaryimage"},"thumbnailUrl":"https:\/\/manumag.com\/wp-content\/uploads\/2022\/08\/tf2.jpg","datePublished":"2022-08-11T05:11:51+00:00","dateModified":"2023-07-12T07:25:03+00:00","breadcrumb":{"@id":"https:\/\/manumag.com\/en\/products\/single-phase-isolation-transformer-230v-400v-115v-230vac\/#breadcrumb"},"inLanguage":"en-US","potentialAction":[{"@type":"ReadAction","target":["https:\/\/manumag.com\/en\/products\/single-phase-isolation-transformer-230v-400v-115v-230vac\/"]}]},{"@type":"ImageObject","inLanguage":"en-US","@id":"https:\/\/manumag.com\/en\/products\/single-phase-isolation-transformer-230v-400v-115v-230vac\/#primaryimage","url":"https:\/\/manumag.com\/wp-content\/uploads\/2022\/08\/tf2.jpg","contentUrl":"https:\/\/manumag.com\/wp-content\/uploads\/2022\/08\/tf2.jpg","width":870,"height":700},{"@type":"BreadcrumbList","@id":"https:\/\/manumag.com\/en\/products\/single-phase-isolation-transformer-230v-400v-115v-230vac\/#breadcrumb","itemListElement":[{"@type":"ListItem","position":1,"name":"Inicio","item":"https:\/\/manumag.com\/en\/"},{"@type":"ListItem","position":2,"name":"Productos","item":"https:\/\/manumag.com\/productos\/"},{"@type":"ListItem","position":3,"name":"TRANSFORMADORES DE AISLAMIENTO","item":"https:\/\/manumag.com\/categoria-producto\/transformadores-de-aislamiento\/"},{"@type":"ListItem","position":4,"name":"SINGLE-PHASE ISOLATION TRANSFORMER 230V \/ 400V &#8211; 115V \/ 230VAC"}]},{"@type":"WebSite","@id":"https:\/\/manumag.com\/#website","url":"https:\/\/manumag.com\/","name":"Manumag","description":"Fabricante de transformadores monof\u00e1sicos y trif\u00e1sicos de bajo voltaje para aislamiento, seguridad, m\u00e1quinas e instalaciones hospitalarias.","publisher":{"@id":"https:\/\/manumag.com\/#organization"},"potentialAction":[{"@type":"SearchAction","target":{"@type":"EntryPoint","urlTemplate":"https:\/\/manumag.com\/?s={search_term_string}"},"query-input":{"@type":"PropertyValueSpecification","valueRequired":true,"valueName":"search_term_string"}}],"inLanguage":"en-US"},{"@type":"Organization","@id":"https:\/\/manumag.com\/#organization","name":"Manumag","url":"https:\/\/manumag.com\/","logo":{"@type":"ImageObject","inLanguage":"en-US","@id":"https:\/\/manumag.com\/#\/schema\/logo\/image\/","url":"https:\/\/manumag.com\/wp-content\/uploads\/2015\/06\/logo_web.png","contentUrl":"https:\/\/manumag.com\/wp-content\/uploads\/2015\/06\/logo_web.png","width":176,"height":110,"caption":"Manumag"},"image":{"@id":"https:\/\/manumag.com\/#\/schema\/logo\/image\/"}}]}},"_links":{"self":[{"href":"https:\/\/manumag.com\/en\/wp-json\/wp\/v2\/product\/10762","targetHints":{"allow":["GET"]}}],"collection":[{"href":"https:\/\/manumag.com\/en\/wp-json\/wp\/v2\/product"}],"about":[{"href":"https:\/\/manumag.com\/en\/wp-json\/wp\/v2\/types\/product"}],"wp:featuredmedia":[{"embeddable":true,"href":"https:\/\/manumag.com\/en\/wp-json\/wp\/v2\/media\/9091"}],"wp:attachment":[{"href":"https:\/\/manumag.com\/en\/wp-json\/wp\/v2\/media?parent=10762"}],"wp:term":[{"taxonomy":"product_brand","embeddable":true,"href":"https:\/\/manumag.com\/en\/wp-json\/wp\/v2\/product_brand?post=10762"},{"taxonomy":"product_cat","embeddable":true,"href":"https:\/\/manumag.com\/en\/wp-json\/wp\/v2\/product_cat?post=10762"},{"taxonomy":"product_tag","embeddable":true,"href":"https:\/\/manumag.com\/en\/wp-json\/wp\/v2\/product_tag?post=10762"}],"curies":[{"name":"wp","href":"https:\/\/api.w.org\/{rel}","templated":true}]}}