{"id":15820,"date":"2025-02-25T10:41:46","date_gmt":"2025-02-25T09:41:46","guid":{"rendered":"https:\/\/manumag.com\/productos\/single-phase-safety-transformers-230v-400v-12v-24vac\/"},"modified":"2026-03-17T08:57:51","modified_gmt":"2026-03-17T07:57:51","slug":"single-phase-safety-transformer-230v-400v-12v-24vac-2","status":"publish","type":"product","link":"https:\/\/manumag.com\/en\/products\/single-phase-safety-transformer-230v-400v-12v-24vac-2\/","title":{"rendered":"SINGLE-PHASE SAFETY TRANSFORMER 230V \/ 400V &#8211; 12V \/ 24Vac"},"content":{"rendered":"<p>Safety transformers are intended to supply electric devices where a circuit separation is required. Protected against humidity by means of resin impregnation.<\/p>\n","protected":false},"excerpt":{"rendered":"<p>Safety transformers are intended to supply electric devices where a circuit separation is required. Protected against humidity by means of resin impregnation.<\/p>\n","protected":false},"featured_media":15268,"template":"","meta":{"_acf_changed":false,"site-sidebar-layout":"default","site-content-layout":"default","ast-site-content-layout":"default","site-content-style":"default","site-sidebar-style":"default","ast-global-header-display":"","ast-banner-title-visibility":"","ast-main-header-display":"","ast-hfb-above-header-display":"","ast-hfb-below-header-display":"","ast-hfb-mobile-header-display":"","site-post-title":"","ast-breadcrumbs-content":"","ast-featured-img":"","footer-sml-layout":"","ast-disable-related-posts":"","theme-transparent-header-meta":"default","adv-header-id-meta":"","stick-header-meta":"","header-above-stick-meta":"","header-main-stick-meta":"","header-below-stick-meta":"","astra-migrate-meta-layouts":"set","ast-page-background-enabled":"default","ast-page-background-meta":{"desktop":{"background-color":"var(--ast-global-color-4)","background-image":"","background-repeat":"repeat","background-position":"center center","background-size":"auto","background-attachment":"scroll","background-type":"","background-media":"","overlay-type":"","overlay-color":"","overlay-opacity":"","overlay-gradient":""},"tablet":{"background-color":"","background-image":"","background-repeat":"repeat","background-position":"center center","background-size":"auto","background-attachment":"scroll","background-type":"","background-media":"","overlay-type":"","overlay-color":"","overlay-opacity":"","overlay-gradient":""},"mobile":{"background-color":"","background-image":"","background-repeat":"repeat","background-position":"center center","background-size":"auto","background-attachment":"scroll","background-type":"","background-media":"","overlay-type":"","overlay-color":"","overlay-opacity":"","overlay-gradient":""}},"ast-content-background-meta":{"desktop":{"background-color":"var(--ast-global-color-5)","background-image":"","background-repeat":"repeat","background-position":"center center","background-size":"auto","background-attachment":"scroll","background-type":"","background-media":"","overlay-type":"","overlay-color":"","overlay-opacity":"","overlay-gradient":""},"tablet":{"background-color":"var(--ast-global-color-5)","background-image":"","background-repeat":"repeat","background-position":"center center","background-size":"auto","background-attachment":"scroll","background-type":"","background-media":"","overlay-type":"","overlay-color":"","overlay-opacity":"","overlay-gradient":""},"mobile":{"background-color":"var(--ast-global-color-5)","background-image":"","background-repeat":"repeat","background-position":"center center","background-size":"auto","background-attachment":"scroll","background-type":"","background-media":"","overlay-type":"","overlay-color":"","overlay-opacity":"","overlay-gradient":""}}},"product_brand":[],"product_cat":[270,256],"product_tag":[],"class_list":{"0":"post-15820","1":"product","2":"type-product","3":"status-publish","4":"has-post-thumbnail","6":"product_cat-ts-series-ip20-en","7":"product_cat-safety-transformers","8":"desktop-align-left","9":"tablet-align-left","10":"mobile-align-left","12":"first","13":"instock","14":"shipping-taxable","15":"purchasable","16":"product-type-variable"},"acf":[],"yoast_head":"<!-- This site is optimized with the Yoast SEO plugin v27.1.1 - https:\/\/yoast.com\/product\/yoast-seo-wordpress\/ -->\n<title>SINGLE-PHASE SAFETY TRANSFORMER 230V \/ 400V - 12V \/ 24Vac - Manumag<\/title>\n<meta name=\"robots\" content=\"index, follow, max-snippet:-1, max-image-preview:large, max-video-preview:-1\" \/>\n<link rel=\"canonical\" href=\"https:\/\/manumag.com\/products\/transformador-de-seguridad-monofasico-230v-400v-12v-24vac-2\/\" \/>\n<meta property=\"og:locale\" content=\"en_US\" \/>\n<meta property=\"og:type\" content=\"article\" \/>\n<meta property=\"og:title\" content=\"SINGLE-PHASE SAFETY TRANSFORMER 230V \/ 400V - 12V \/ 24Vac - Manumag\" \/>\n<meta property=\"og:description\" content=\"Safety transformers are intended to supply electric devices where a circuit separation is required. Protected against humidity by means of resin impregnation.\" \/>\n<meta property=\"og:url\" content=\"https:\/\/manumag.com\/products\/transformador-de-seguridad-monofasico-230v-400v-12v-24vac-2\/\" \/>\n<meta property=\"og:site_name\" content=\"Manumag\" \/>\n<meta property=\"article:modified_time\" content=\"2026-03-17T07:57:51+00:00\" \/>\n<meta property=\"og:image\" content=\"https:\/\/manumag.com\/wp-content\/uploads\/2025\/02\/ip20-caji.jpg\" \/>\n\t<meta property=\"og:image:width\" content=\"870\" \/>\n\t<meta property=\"og:image:height\" content=\"700\" \/>\n\t<meta property=\"og:image:type\" content=\"image\/jpeg\" \/>\n<meta name=\"twitter:card\" content=\"summary_large_image\" \/>\n<meta name=\"twitter:label1\" content=\"Est. reading time\" \/>\n\t<meta name=\"twitter:data1\" content=\"1 minute\" \/>\n<script type=\"application\/ld+json\" class=\"yoast-schema-graph\">{\"@context\":\"https:\/\/schema.org\",\"@graph\":[{\"@type\":\"WebPage\",\"@id\":\"https:\/\/manumag.com\/products\/transformador-de-seguridad-monofasico-230v-400v-12v-24vac-2\/\",\"url\":\"https:\/\/manumag.com\/products\/transformador-de-seguridad-monofasico-230v-400v-12v-24vac-2\/\",\"name\":\"SINGLE-PHASE SAFETY TRANSFORMER 230V \/ 400V - 12V \/ 24Vac - Manumag\",\"isPartOf\":{\"@id\":\"https:\/\/manumag.com\/#website\"},\"primaryImageOfPage\":{\"@id\":\"https:\/\/manumag.com\/products\/transformador-de-seguridad-monofasico-230v-400v-12v-24vac-2\/#primaryimage\"},\"image\":{\"@id\":\"https:\/\/manumag.com\/products\/transformador-de-seguridad-monofasico-230v-400v-12v-24vac-2\/#primaryimage\"},\"thumbnailUrl\":\"https:\/\/manumag.com\/wp-content\/uploads\/2025\/02\/ip20-caji.jpg\",\"datePublished\":\"2025-02-25T09:41:46+00:00\",\"dateModified\":\"2026-03-17T07:57:51+00:00\",\"breadcrumb\":{\"@id\":\"https:\/\/manumag.com\/products\/transformador-de-seguridad-monofasico-230v-400v-12v-24vac-2\/#breadcrumb\"},\"inLanguage\":\"en-US\",\"potentialAction\":[{\"@type\":\"ReadAction\",\"target\":[\"https:\/\/manumag.com\/products\/transformador-de-seguridad-monofasico-230v-400v-12v-24vac-2\/\"]}]},{\"@type\":\"ImageObject\",\"inLanguage\":\"en-US\",\"@id\":\"https:\/\/manumag.com\/products\/transformador-de-seguridad-monofasico-230v-400v-12v-24vac-2\/#primaryimage\",\"url\":\"https:\/\/manumag.com\/wp-content\/uploads\/2025\/02\/ip20-caji.jpg\",\"contentUrl\":\"https:\/\/manumag.com\/wp-content\/uploads\/2025\/02\/ip20-caji.jpg\",\"width\":870,\"height\":700},{\"@type\":\"BreadcrumbList\",\"@id\":\"https:\/\/manumag.com\/products\/transformador-de-seguridad-monofasico-230v-400v-12v-24vac-2\/#breadcrumb\",\"itemListElement\":[{\"@type\":\"ListItem\",\"position\":1,\"name\":\"Inicio\",\"item\":\"https:\/\/manumag.com\/en\/\"},{\"@type\":\"ListItem\",\"position\":2,\"name\":\"Productos\",\"item\":\"https:\/\/manumag.com\/productos\/\"},{\"@type\":\"ListItem\",\"position\":3,\"name\":\"SAFETY TRANSFORMERS\",\"item\":\"https:\/\/manumag.com\/en\/categoria-producto\/safety-transformers\/\"},{\"@type\":\"ListItem\",\"position\":4,\"name\":\"TS SERIES IP20\",\"item\":\"https:\/\/manumag.com\/en\/product-category\/safety-transformers\/ts-series-ip20\/\"},{\"@type\":\"ListItem\",\"position\":5,\"name\":\"SINGLE-PHASE SAFETY TRANSFORMER 230V \/ 400V &#8211; 12V \/ 24Vac\"}]},{\"@type\":\"WebSite\",\"@id\":\"https:\/\/manumag.com\/#website\",\"url\":\"https:\/\/manumag.com\/\",\"name\":\"Manumag\",\"description\":\"Fabricante de transformadores monof\u00e1sicos y trif\u00e1sicos de bajo voltaje para aislamiento, seguridad, m\u00e1quinas e instalaciones hospitalarias.\",\"publisher\":{\"@id\":\"https:\/\/manumag.com\/#organization\"},\"potentialAction\":[{\"@type\":\"SearchAction\",\"target\":{\"@type\":\"EntryPoint\",\"urlTemplate\":\"https:\/\/manumag.com\/?s={search_term_string}\"},\"query-input\":{\"@type\":\"PropertyValueSpecification\",\"valueRequired\":true,\"valueName\":\"search_term_string\"}}],\"inLanguage\":\"en-US\"},{\"@type\":\"Organization\",\"@id\":\"https:\/\/manumag.com\/#organization\",\"name\":\"Manumag\",\"url\":\"https:\/\/manumag.com\/\",\"logo\":{\"@type\":\"ImageObject\",\"inLanguage\":\"en-US\",\"@id\":\"https:\/\/manumag.com\/#\/schema\/logo\/image\/\",\"url\":\"https:\/\/manumag.com\/wp-content\/uploads\/2015\/06\/logo_web.png\",\"contentUrl\":\"https:\/\/manumag.com\/wp-content\/uploads\/2015\/06\/logo_web.png\",\"width\":176,\"height\":110,\"caption\":\"Manumag\"},\"image\":{\"@id\":\"https:\/\/manumag.com\/#\/schema\/logo\/image\/\"}}]}<\/script>\n<!-- \/ Yoast SEO plugin. -->","yoast_head_json":{"title":"SINGLE-PHASE SAFETY TRANSFORMER 230V \/ 400V - 12V \/ 24Vac - Manumag","robots":{"index":"index","follow":"follow","max-snippet":"max-snippet:-1","max-image-preview":"max-image-preview:large","max-video-preview":"max-video-preview:-1"},"canonical":"https:\/\/manumag.com\/products\/transformador-de-seguridad-monofasico-230v-400v-12v-24vac-2\/","og_locale":"en_US","og_type":"article","og_title":"SINGLE-PHASE SAFETY TRANSFORMER 230V \/ 400V - 12V \/ 24Vac - Manumag","og_description":"Safety transformers are intended to supply electric devices where a circuit separation is required. Protected against humidity by means of resin impregnation.","og_url":"https:\/\/manumag.com\/products\/transformador-de-seguridad-monofasico-230v-400v-12v-24vac-2\/","og_site_name":"Manumag","article_modified_time":"2026-03-17T07:57:51+00:00","og_image":[{"width":870,"height":700,"url":"https:\/\/manumag.com\/wp-content\/uploads\/2025\/02\/ip20-caji.jpg","type":"image\/jpeg"}],"twitter_card":"summary_large_image","twitter_misc":{"Est. reading time":"1 minute"},"schema":{"@context":"https:\/\/schema.org","@graph":[{"@type":"WebPage","@id":"https:\/\/manumag.com\/products\/transformador-de-seguridad-monofasico-230v-400v-12v-24vac-2\/","url":"https:\/\/manumag.com\/products\/transformador-de-seguridad-monofasico-230v-400v-12v-24vac-2\/","name":"SINGLE-PHASE SAFETY TRANSFORMER 230V \/ 400V - 12V \/ 24Vac - Manumag","isPartOf":{"@id":"https:\/\/manumag.com\/#website"},"primaryImageOfPage":{"@id":"https:\/\/manumag.com\/products\/transformador-de-seguridad-monofasico-230v-400v-12v-24vac-2\/#primaryimage"},"image":{"@id":"https:\/\/manumag.com\/products\/transformador-de-seguridad-monofasico-230v-400v-12v-24vac-2\/#primaryimage"},"thumbnailUrl":"https:\/\/manumag.com\/wp-content\/uploads\/2025\/02\/ip20-caji.jpg","datePublished":"2025-02-25T09:41:46+00:00","dateModified":"2026-03-17T07:57:51+00:00","breadcrumb":{"@id":"https:\/\/manumag.com\/products\/transformador-de-seguridad-monofasico-230v-400v-12v-24vac-2\/#breadcrumb"},"inLanguage":"en-US","potentialAction":[{"@type":"ReadAction","target":["https:\/\/manumag.com\/products\/transformador-de-seguridad-monofasico-230v-400v-12v-24vac-2\/"]}]},{"@type":"ImageObject","inLanguage":"en-US","@id":"https:\/\/manumag.com\/products\/transformador-de-seguridad-monofasico-230v-400v-12v-24vac-2\/#primaryimage","url":"https:\/\/manumag.com\/wp-content\/uploads\/2025\/02\/ip20-caji.jpg","contentUrl":"https:\/\/manumag.com\/wp-content\/uploads\/2025\/02\/ip20-caji.jpg","width":870,"height":700},{"@type":"BreadcrumbList","@id":"https:\/\/manumag.com\/products\/transformador-de-seguridad-monofasico-230v-400v-12v-24vac-2\/#breadcrumb","itemListElement":[{"@type":"ListItem","position":1,"name":"Inicio","item":"https:\/\/manumag.com\/en\/"},{"@type":"ListItem","position":2,"name":"Productos","item":"https:\/\/manumag.com\/productos\/"},{"@type":"ListItem","position":3,"name":"SAFETY TRANSFORMERS","item":"https:\/\/manumag.com\/en\/categoria-producto\/safety-transformers\/"},{"@type":"ListItem","position":4,"name":"TS SERIES IP20","item":"https:\/\/manumag.com\/en\/product-category\/safety-transformers\/ts-series-ip20\/"},{"@type":"ListItem","position":5,"name":"SINGLE-PHASE SAFETY TRANSFORMER 230V \/ 400V &#8211; 12V \/ 24Vac"}]},{"@type":"WebSite","@id":"https:\/\/manumag.com\/#website","url":"https:\/\/manumag.com\/","name":"Manumag","description":"Fabricante de transformadores monof\u00e1sicos y trif\u00e1sicos de bajo voltaje para aislamiento, seguridad, m\u00e1quinas e instalaciones hospitalarias.","publisher":{"@id":"https:\/\/manumag.com\/#organization"},"potentialAction":[{"@type":"SearchAction","target":{"@type":"EntryPoint","urlTemplate":"https:\/\/manumag.com\/?s={search_term_string}"},"query-input":{"@type":"PropertyValueSpecification","valueRequired":true,"valueName":"search_term_string"}}],"inLanguage":"en-US"},{"@type":"Organization","@id":"https:\/\/manumag.com\/#organization","name":"Manumag","url":"https:\/\/manumag.com\/","logo":{"@type":"ImageObject","inLanguage":"en-US","@id":"https:\/\/manumag.com\/#\/schema\/logo\/image\/","url":"https:\/\/manumag.com\/wp-content\/uploads\/2015\/06\/logo_web.png","contentUrl":"https:\/\/manumag.com\/wp-content\/uploads\/2015\/06\/logo_web.png","width":176,"height":110,"caption":"Manumag"},"image":{"@id":"https:\/\/manumag.com\/#\/schema\/logo\/image\/"}}]}},"_links":{"self":[{"href":"https:\/\/manumag.com\/en\/wp-json\/wp\/v2\/product\/15820","targetHints":{"allow":["GET"]}}],"collection":[{"href":"https:\/\/manumag.com\/en\/wp-json\/wp\/v2\/product"}],"about":[{"href":"https:\/\/manumag.com\/en\/wp-json\/wp\/v2\/types\/product"}],"wp:featuredmedia":[{"embeddable":true,"href":"https:\/\/manumag.com\/en\/wp-json\/wp\/v2\/media\/15268"}],"wp:attachment":[{"href":"https:\/\/manumag.com\/en\/wp-json\/wp\/v2\/media?parent=15820"}],"wp:term":[{"taxonomy":"product_brand","embeddable":true,"href":"https:\/\/manumag.com\/en\/wp-json\/wp\/v2\/product_brand?post=15820"},{"taxonomy":"product_cat","embeddable":true,"href":"https:\/\/manumag.com\/en\/wp-json\/wp\/v2\/product_cat?post=15820"},{"taxonomy":"product_tag","embeddable":true,"href":"https:\/\/manumag.com\/en\/wp-json\/wp\/v2\/product_tag?post=15820"}],"curies":[{"name":"wp","href":"https:\/\/api.w.org\/{rel}","templated":true}]}}